{"id":214,"date":"2016-10-27T17:20:18","date_gmt":"2016-10-27T17:20:18","guid":{"rendered":"http:\/\/igualdad.cepymearagon.es\/?page_id=214"},"modified":"2021-07-13T14:59:07","modified_gmt":"2021-07-13T12:59:07","slug":"enlaces","status":"publish","type":"page","link":"https:\/\/igualdad.cepymearagon.es\/?page_id=214","title":{"rendered":"Enlaces"},"content":{"rendered":"<h2><span style=\"color: #808080;\">Enlaces de inter\u00e9s en materia de igualdad entre hombres y mujeres en el \u00e1mbito Laboral<\/span><\/h2>\n<h3>Gobierno de Espa\u00f1a:<\/h3>\n<ul>\n<li>Ministerio de trabajo y econom\u00eda social&nbsp; <a class=\"fasc-button fasc-size-medium fasc-type-popout fasc-ico-before dashicons-admin-links\" style=\"background-color: #909699; color: #ffffff;\" href=\"http:\/\/www.empleo.gob.es\/es\/igualdad\/\">Normativa estatal y otros datos<\/a><\/li>\n<li>Ministerio de Igualdad <a class=\"fasc-button fasc-size-medium fasc-type-popout fasc-ico-before dashicons-admin-links\" style=\"background-color: #a4a9ab; color: #ffffff;\" href=\"http:\/\/www.inmujer.gob.es\/\">Instituto de las Mujeres<\/a><\/li>\n<li>Ministerio de Igualdad <a class=\"fasc-button fasc-size-medium fasc-type-popout fasc-ico-before dashicons-admin-links\" style=\"background-color: #999ea1; color: #ffffff;\" href=\"https:\/\/www.escuelavirtualigualdad.es\/\">Escuela Virtual de Igualdad<\/a><\/li>\n<li>Ministerio de Igualdad &#8211; Arag\u00f3n&nbsp;&nbsp;<a class=\"fasc-button fasc-size-medium fasc-type-popout fasc-ico-before dashicons-admin-links\" style=\"background-color: #a4a9ab; color: #ffffff;\" href=\"https:\/\/www.igualdadenlaempresa.es\/recursos\/mapccaa\/aragon.htm\">Arag\u00f3n &#8211; Igualdad en la empresa<\/a><\/li>\n<li>Distintivo \u201cIgualdad en la empresa\u201d <a class=\"fasc-button fasc-size-medium fasc-type-popout fasc-ico-before dashicons-admin-links\" style=\"background-color: #919799; color: #ffffff;\" href=\"http:\/\/www.boe.es\/buscar\/doc.php?id=BOE-A-2015-10984\">RD 850\/2015<\/a><\/li>\n<li>Asesoramiento a empresas para planes de igualdad <a class=\"fasc-button fasc-size-medium fasc-type-popout fasc-ico-before dashicons-admin-links\" style=\"background-color: #999ea1; color: #ffffff;\" href=\"http:\/\/www.igualdadenlaempresa.es\/\">Igualdad en la empresa<\/a><\/li>\n<li>Consejo general del poder judicial <a class=\"fasc-button fasc-size-medium fasc-type-popout fasc-ico-before dashicons-admin-links\" style=\"background-color: #999ea1; color: #ffffff;\" href=\"http:\/\/www.poderjudicial.es\/cgpj\/es\/Temas\/Igualdad-de-Genero\/Legislacion-y-jurisprudencia\/\">Poder judicial<\/a><\/li>\n<\/ul>\n<p>&nbsp;<\/p>\n<h3>Gobierno de Arag\u00f3n:<\/h3>\n<ul>\n<li>Direcci\u00f3n General de Trabajo, Aut\u00f3nomos y Econom\u00eda Social&nbsp; &nbsp; <a class=\"fasc-button fasc-size-medium fasc-type-popout fasc-ico-before dashicons-admin-links\" style=\"background-color: #939799; color: #ffffff;\" href=\"https:\/\/www.aragon.es\/-\/igualdad-en-el-ambito-laboral\">Igualdad en el \u00e1mbito laboral<\/a><\/li>\n<li>Instituto Aragon\u00e9s de la Mujer&nbsp;&nbsp;&nbsp; <a class=\"fasc-button fasc-size-medium fasc-type-popout fasc-ico-before dashicons-admin-links\" style=\"background-color: #989c9e; color: #ffffff;\" href=\"https:\/\/www.aragon.es\/organismos\/departamento-de-presidencia-y-relaciones-institucionales\/instituto-aragones-de-la-mujer-iam-\">IAM<\/a><\/li>\n<li>Universidad de Zaragoza <a class=\"fasc-button fasc-size-medium fasc-type-popout fasc-ico-before dashicons-admin-links\" style=\"background-color: #999ea1; color: #ffffff;\" href=\"https:\/\/estudios.unizar.es\/estudio\/ver?id=611\">Master UZ Relaciones de g\u00e9nero<\/a><\/li>\n<\/ul>\n<h3>&nbsp;<\/h3>\n<h3>Internacional<\/h3>\n<ul>\n<li>Organizaci\u00f3n internacional del trabajo OIT&nbsp;&nbsp;&nbsp;&nbsp; <a class=\"fasc-button fasc-size-medium fasc-type-popout fasc-ico-before dashicons-admin-links\" style=\"background-color: #989c9e; color: #ffffff;\" href=\"https:\/\/www.ilo.org\/global\/topics\/equality-and-discrimination\/gender-equality\/lang--es\/index.htm\">OIT<\/a><\/li>\n<li>Comisi\u00f3n Europea&nbsp;&nbsp; <a class=\"fasc-button fasc-size-medium fasc-type-popout fasc-ico-before dashicons-admin-links\" style=\"background-color: #989c9e; color: #ffffff;\" href=\"https:\/\/ec.europa.eu\/info\/aid-development-cooperation-fundamental-rights\/your-rights-eu\/know-your-rights\/equality_en\">UE Conozca sus derechos<\/a><\/li>\n<li>Naciones unidas &nbsp; &nbsp;<a class=\"fasc-button fasc-size-medium fasc-type-popout fasc-ico-before dashicons-admin-links\" style=\"background-color: #989c9e; color: #ffffff;\" href=\"http:\/\/www.unwomen.org\/es\">ONU Mujeres<\/a><\/li>\n<\/ul>\n<p>&nbsp;<\/p>\n<h3><span style=\"color: #000000;\">Otras entidades<\/span><\/h3>\n<ul>\n<li>Asociaci\u00f3n Aragonesa de Mujeres Empresarias y Profesionales<span style=\"color: #000000; font-family: Verdana; font-size: small;\"> <a class=\"fasc-button fasc-size-medium fasc-type-flat fasc-ico-before dashicons-admin-links\" style=\"background-color: #8a8f91; color: #ffffff;\" href=\"http:\/\/www.arame.org\/\">ARAME<\/a><\/span><\/li>\n<li>Asociaci\u00f3n de directivas de Arag\u00f3n&nbsp; <a class=\"fasc-button fasc-size-medium fasc-type-popout fasc-ico-before dashicons-admin-links\" style=\"background-color: #999ea1; color: #ffffff;\" href=\"http:\/\/directivasdearagon.es\/\">Directivas Arag\u00f3n<\/a><\/li>\n<li>Fundaci\u00f3n MasFamilia <a class=\"fasc-button fasc-size-medium fasc-type-popout fasc-ico-before dashicons-admin-links\" style=\"background-color: #999ea1; color: #ffffff;\" href=\"http:\/\/www.masfamilia.org\/\">Mas Familia<\/a><\/li>\n<li>Asociaci\u00f3n Aragonesa de T\u00e9cnicas\/os superiores en g\u00e9nero y Agentes de Igualdad de oportunidades <a class=\"fasc-button fasc-size-medium fasc-type-popout fasc-ico-before dashicons-admin-links\" style=\"background-color: #999ea1; color: #ffffff;\" href=\"https:\/\/igualarasociacionprofesional.wordpress.com\/\">IgualAr<\/a><\/li>\n<li>Asociaci\u00f3n Espa\u00f1ola de Mujeres Empresarias <a class=\"fasc-button fasc-size-medium fasc-type-popout fasc-ico-before dashicons-admin-links\" style=\"background-color: #999ea1; color: #ffffff;\" href=\"http:\/\/aseme.es\/\">ASEME<\/a><\/li>\n<li>Federaci\u00f3n Espa\u00f1ola de Mujeres Directivas, Ejecutivas, Profesionales y Empresarias <a class=\"fasc-button fasc-size-medium fasc-type-popout fasc-ico-before dashicons-admin-links\" style=\"background-color: #999ea1; color: #ffffff;\" href=\"https:\/\/mujeresfedepe.com\/\">FEDEPE<\/a><\/li>\n<li>Ayuntamiento de Zaragoza <a class=\"fasc-button fasc-size-medium fasc-type-popout fasc-ico-before dashicons-admin-links\" style=\"background-color: #999ea1; color: #ffffff;\" href=\"http:\/\/www.zaragoza.es\/ciudad\/sectores\/mujer\/\">Casa de la Mujer<\/a><\/li>\n<li>Ayuntamiento de Zaragoza <a class=\"fasc-button fasc-size-medium fasc-type-popout fasc-ico-before dashicons-admin-links\" style=\"background-color: #999ea1; color: #ffffff;\" href=\"https:\/\/www.zaragoza.es\/ciudad\/sectores\/mujer\/informacion.htm\">Noticias, acciones y recursos documentales sobre mujer e igualdad de g\u00e9nero<\/a><\/li>\n<li>Ayuntamiento de Huesca <a class=\"fasc-button fasc-size-medium fasc-type-popout fasc-ico-before dashicons-admin-links\" style=\"background-color: #999ea1; color: #ffffff;\" href=\"https:\/\/www.huesca.es\/areas\/igualdad-y-diversidad\">Huesca igualdad y diversidad<\/a><\/li>\n<\/ul>\n<h3 class=\"documento-tit\">&nbsp;<\/h3>\n","protected":false},"excerpt":{"rendered":"<p>Enlaces de inter\u00e9s en materia de igualdad entre hombres y mujeres en el \u00e1mbito Laboral Gobierno de Espa\u00f1a: Ministerio de trabajo y econom\u00eda social&nbsp; Normativa estatal y otros datos Ministerio de Igualdad Instituto de las Mujeres Ministerio de Igualdad Escuela Virtual de Igualdad Ministerio de Igualdad &#8211; Arag\u00f3n&nbsp;&nbsp;Arag\u00f3n &#8211; Igualdad en la empresa Distintivo \u201cIgualdad [&hellip;]<\/p>\n","protected":false},"author":2,"featured_media":147,"parent":0,"menu_order":0,"comment_status":"closed","ping_status":"closed","template":"","meta":{"footnotes":""},"class_list":["post-214","page","type-page","status-publish","has-post-thumbnail","hentry"],"jetpack_sharing_enabled":true,"jetpack_shortlink":"https:\/\/wp.me\/P7ISwz-3s","post_mailing_queue_ids":[],"_links":{"self":[{"href":"https:\/\/igualdad.cepymearagon.es\/index.php?rest_route=\/wp\/v2\/pages\/214","targetHints":{"allow":["GET"]}}],"collection":[{"href":"https:\/\/igualdad.cepymearagon.es\/index.php?rest_route=\/wp\/v2\/pages"}],"about":[{"href":"https:\/\/igualdad.cepymearagon.es\/index.php?rest_route=\/wp\/v2\/types\/page"}],"author":[{"embeddable":true,"href":"https:\/\/igualdad.cepymearagon.es\/index.php?rest_route=\/wp\/v2\/users\/2"}],"replies":[{"embeddable":true,"href":"https:\/\/igualdad.cepymearagon.es\/index.php?rest_route=%2Fwp%2Fv2%2Fcomments&post=214"}],"version-history":[{"count":19,"href":"https:\/\/igualdad.cepymearagon.es\/index.php?rest_route=\/wp\/v2\/pages\/214\/revisions"}],"predecessor-version":[{"id":1380,"href":"https:\/\/igualdad.cepymearagon.es\/index.php?rest_route=\/wp\/v2\/pages\/214\/revisions\/1380"}],"wp:featuredmedia":[{"embeddable":true,"href":"https:\/\/igualdad.cepymearagon.es\/index.php?rest_route=\/wp\/v2\/media\/147"}],"wp:attachment":[{"href":"https:\/\/igualdad.cepymearagon.es\/index.php?rest_route=%2Fwp%2Fv2%2Fmedia&parent=214"}],"curies":[{"name":"wp","href":"https:\/\/api.w.org\/{rel}","templated":true}]}}