{"id":244,"date":"2016-11-25T13:09:23","date_gmt":"2016-11-25T13:09:23","guid":{"rendered":"http:\/\/igualdad.cepymearagon.es\/?page_id=244"},"modified":"2023-12-21T14:10:08","modified_gmt":"2023-12-21T12:10:08","slug":"noticias","status":"publish","type":"page","link":"https:\/\/igualdad.cepymearagon.es\/?page_id=244","title":{"rendered":"Noticias"},"content":{"rendered":"\t\t<div data-elementor-type=\"wp-page\" data-elementor-id=\"244\" class=\"elementor elementor-244\" data-elementor-post-type=\"page\">\n\t\t\t\t\t\t<section class=\"elementor-section elementor-top-section elementor-element elementor-element-60d5d3c elementor-section-boxed elementor-section-height-default elementor-section-height-default\" data-id=\"60d5d3c\" data-element_type=\"section\" data-e-type=\"section\">\n\t\t\t\t\t\t<div class=\"elementor-container elementor-column-gap-default\">\n\t\t\t\t\t<div class=\"elementor-column elementor-col-100 elementor-top-column elementor-element elementor-element-98a5567\" data-id=\"98a5567\" data-element_type=\"column\" data-e-type=\"column\">\n\t\t\t<div class=\"elementor-widget-wrap elementor-element-populated\">\n\t\t\t\t\t\t<div class=\"elementor-element elementor-element-cd59f92 elementor-grid-3 elementor-grid-tablet-2 elementor-grid-mobile-1 elementor-posts--thumbnail-top load-more-align-center elementor-widget elementor-widget-posts\" data-id=\"cd59f92\" data-element_type=\"widget\" data-e-type=\"widget\" data-settings=\"{&quot;pagination_type&quot;:&quot;load_more_on_click&quot;,&quot;classic_columns&quot;:&quot;3&quot;,&quot;classic_columns_tablet&quot;:&quot;2&quot;,&quot;classic_columns_mobile&quot;:&quot;1&quot;,&quot;classic_row_gap&quot;:{&quot;unit&quot;:&quot;px&quot;,&quot;size&quot;:35,&quot;sizes&quot;:[]},&quot;classic_row_gap_tablet&quot;:{&quot;unit&quot;:&quot;px&quot;,&quot;size&quot;:&quot;&quot;,&quot;sizes&quot;:[]},&quot;classic_row_gap_mobile&quot;:{&quot;unit&quot;:&quot;px&quot;,&quot;size&quot;:&quot;&quot;,&quot;sizes&quot;:[]},&quot;load_more_spinner&quot;:{&quot;value&quot;:&quot;fas fa-spinner&quot;,&quot;library&quot;:&quot;fa-solid&quot;}}\" data-widget_type=\"posts.classic\">\n\t\t\t\t<div class=\"elementor-widget-container\">\n\t\t\t\t\t\t\t<div class=\"elementor-posts-container elementor-posts elementor-posts--skin-classic elementor-grid\" role=\"list\">\n\t\t\t\t<article class=\"elementor-post elementor-grid-item post-4399 post type-post status-publish format-standard has-post-thumbnail hentry category-herramienta category-igualdad category-noticia category-publicaciones tag-conciliacion tag-consingap tag-digitalizacion tag-educacion tag-empleo tag-igualdad tag-indice tag-paridad-de-genero tag-pwc tag-salud-y-bienestar\" role=\"listitem\">\n\t\t\t\t<a class=\"elementor-post__thumbnail__link\" href=\"https:\/\/igualdad.cepymearagon.es\/?p=4399\" tabindex=\"-1\" >\n\t\t\t<div class=\"elementor-post__thumbnail\"><img fetchpriority=\"high\" decoding=\"async\" width=\"1280\" height=\"853\" src=\"https:\/\/igualdad.cepymearagon.es\/wp-content\/uploads\/IMAGEN-CLOSINGAP-2.png\" class=\"attachment-full size-full wp-image-4411\" alt=\"\" srcset=\"https:\/\/igualdad.cepymearagon.es\/wp-content\/uploads\/IMAGEN-CLOSINGAP-2.png 1280w, https:\/\/igualdad.cepymearagon.es\/wp-content\/uploads\/IMAGEN-CLOSINGAP-2-300x200.png 300w, https:\/\/igualdad.cepymearagon.es\/wp-content\/uploads\/IMAGEN-CLOSINGAP-2-1024x682.png 1024w, https:\/\/igualdad.cepymearagon.es\/wp-content\/uploads\/IMAGEN-CLOSINGAP-2-768x512.png 768w, https:\/\/igualdad.cepymearagon.es\/wp-content\/uploads\/IMAGEN-CLOSINGAP-2-100x67.png 100w\" sizes=\"(max-width: 1280px) 100vw, 1280px\" \/><\/div>\n\t\t<\/a>\n\t\t\t\t<div class=\"elementor-post__text\">\n\t\t\t\t<h3 class=\"elementor-post__title\">\n\t\t\t<a href=\"https:\/\/igualdad.cepymearagon.es\/?p=4399\" >\n\t\t\t\tINDICE CLOSINGAP. BRECHA DE G\u00c9NERO Y SU IMPACTO ECON\u00d3MICO\t\t\t<\/a>\n\t\t<\/h3>\n\t\t\t\t<div class=\"elementor-post__meta-data\">\n\t\t\t\t\t<span class=\"elementor-post-date\">\n\t\t\t6 mayo, 2026\t\t<\/span>\n\t\t\t\t<\/div>\n\t\t\t\t<div class=\"elementor-post__excerpt\">\n\t\t\t<p>Ya est\u00e1 disponible la VI edici\u00f3n del \u00edndice Closingap, indicador que permite analizar los avances hacia la paridad de g\u00e9nero en 5 grandes categor\u00edas: empleo,<\/p>\n\t\t<\/div>\n\t\t\t\t<\/div>\n\t\t\t\t<\/article>\n\t\t\t\t<article class=\"elementor-post elementor-grid-item post-4436 post type-post status-publish format-standard has-post-thumbnail hentry category-igualdad category-noticia tag-ayuntamientozaragoza tag-casa-de-la-mujer tag-quieroser\" role=\"listitem\">\n\t\t\t\t<a class=\"elementor-post__thumbnail__link\" href=\"https:\/\/igualdad.cepymearagon.es\/?p=4436\" tabindex=\"-1\" >\n\t\t\t<div class=\"elementor-post__thumbnail\"><img decoding=\"async\" width=\"800\" height=\"599\" src=\"https:\/\/igualdad.cepymearagon.es\/wp-content\/uploads\/quiero-ser-1.jpg\" class=\"attachment-full size-full wp-image-4438\" alt=\"\" srcset=\"https:\/\/igualdad.cepymearagon.es\/wp-content\/uploads\/quiero-ser-1.jpg 800w, https:\/\/igualdad.cepymearagon.es\/wp-content\/uploads\/quiero-ser-1-300x225.jpg 300w, https:\/\/igualdad.cepymearagon.es\/wp-content\/uploads\/quiero-ser-1-768x575.jpg 768w, https:\/\/igualdad.cepymearagon.es\/wp-content\/uploads\/quiero-ser-1-100x75.jpg 100w\" sizes=\"(max-width: 800px) 100vw, 800px\" \/><\/div>\n\t\t<\/a>\n\t\t\t\t<div class=\"elementor-post__text\">\n\t\t\t\t<h3 class=\"elementor-post__title\">\n\t\t\t<a href=\"https:\/\/igualdad.cepymearagon.es\/?p=4436\" >\n\t\t\t\tCAMPA\u00d1A QUIERO SER\u2026MUJERES QUE TRANSFORMAN PROFESIONES Y CONSTRUYEN FUTURO\t\t\t<\/a>\n\t\t<\/h3>\n\t\t\t\t<div class=\"elementor-post__meta-data\">\n\t\t\t\t\t<span class=\"elementor-post-date\">\n\t\t\t5 mayo, 2026\t\t<\/span>\n\t\t\t\t<\/div>\n\t\t\t\t<div class=\"elementor-post__excerpt\">\n\t\t\t<p>CEPYME Arag\u00f3n, a trav\u00e9s de su Departamento de Relaciones laborales ha colaborado en el impuso de la campa\u00f1a \u201cQuiero ser\u201d del Servicio de Igualdad del<\/p>\n\t\t<\/div>\n\t\t\t\t<\/div>\n\t\t\t\t<\/article>\n\t\t\t\t<article class=\"elementor-post elementor-grid-item post-4386 post type-post status-publish format-standard has-post-thumbnail hentry category-legislacion category-igualdad category-noticia tag-cooperativas tag-igualdad tag-igualdad-de-oportunidades tag-igualdad-en-la-empresa tag-igualdad-laboral tag-ley-1-2026 tag-planes-de-igualdad\" role=\"listitem\">\n\t\t\t\t<a class=\"elementor-post__thumbnail__link\" href=\"https:\/\/igualdad.cepymearagon.es\/?p=4386\" tabindex=\"-1\" >\n\t\t\t<div class=\"elementor-post__thumbnail\"><img decoding=\"async\" width=\"480\" height=\"480\" src=\"https:\/\/igualdad.cepymearagon.es\/wp-content\/uploads\/IMAGEN-COOPERATIVA-1.png\" class=\"attachment-full size-full wp-image-4398\" alt=\"\" srcset=\"https:\/\/igualdad.cepymearagon.es\/wp-content\/uploads\/IMAGEN-COOPERATIVA-1.png 480w, https:\/\/igualdad.cepymearagon.es\/wp-content\/uploads\/IMAGEN-COOPERATIVA-1-300x300.png 300w, https:\/\/igualdad.cepymearagon.es\/wp-content\/uploads\/IMAGEN-COOPERATIVA-1-150x150.png 150w, https:\/\/igualdad.cepymearagon.es\/wp-content\/uploads\/IMAGEN-COOPERATIVA-1-100x100.png 100w\" sizes=\"(max-width: 480px) 100vw, 480px\" \/><\/div>\n\t\t<\/a>\n\t\t\t\t<div class=\"elementor-post__text\">\n\t\t\t\t<h3 class=\"elementor-post__title\">\n\t\t\t<a href=\"https:\/\/igualdad.cepymearagon.es\/?p=4386\" >\n\t\t\t\tLA LEY 1\/2026 INCORPORA UN R\u00c9GIMEN ESPEC\u00cdFICO PARA LOS PLANES DE IGUALDAD COOPERATIVOS\t\t\t<\/a>\n\t\t<\/h3>\n\t\t\t\t<div class=\"elementor-post__meta-data\">\n\t\t\t\t\t<span class=\"elementor-post-date\">\n\t\t\t30 abril, 2026\t\t<\/span>\n\t\t\t\t<\/div>\n\t\t\t\t<div class=\"elementor-post__excerpt\">\n\t\t\t<p>La Ley 1\/2026, de 8 de abril, integral de impulso de la econom\u00eda social, en vigor desde el 10 de abril, abre una nueva etapa<\/p>\n\t\t<\/div>\n\t\t\t\t<\/div>\n\t\t\t\t<\/article>\n\t\t\t\t<article class=\"elementor-post elementor-grid-item post-4376 post type-post status-publish format-standard has-post-thumbnail hentry category-igualdad category-noticia category-publicaciones tag-colegio-de-registradores tag-igualdad tag-igualdad-en-la-empresa\" role=\"listitem\">\n\t\t\t\t<a class=\"elementor-post__thumbnail__link\" href=\"https:\/\/igualdad.cepymearagon.es\/?p=4376\" tabindex=\"-1\" >\n\t\t\t<div class=\"elementor-post__thumbnail\"><img loading=\"lazy\" decoding=\"async\" width=\"540\" height=\"359\" src=\"https:\/\/igualdad.cepymearagon.es\/wp-content\/uploads\/Post_rol-de-la-mujer_Registradores-1.jpg\" class=\"attachment-full size-full wp-image-4379\" alt=\"\" srcset=\"https:\/\/igualdad.cepymearagon.es\/wp-content\/uploads\/Post_rol-de-la-mujer_Registradores-1.jpg 540w, https:\/\/igualdad.cepymearagon.es\/wp-content\/uploads\/Post_rol-de-la-mujer_Registradores-1-300x199.jpg 300w, https:\/\/igualdad.cepymearagon.es\/wp-content\/uploads\/Post_rol-de-la-mujer_Registradores-1-100x66.jpg 100w\" sizes=\"(max-width: 540px) 100vw, 540px\" \/><\/div>\n\t\t<\/a>\n\t\t\t\t<div class=\"elementor-post__text\">\n\t\t\t\t<h3 class=\"elementor-post__title\">\n\t\t\t<a href=\"https:\/\/igualdad.cepymearagon.es\/?p=4376\" >\n\t\t\t\tEL PAPEL DE LA MUJER EN LA EMPRESA ESPA\u00d1OLA: AVANCES Y RETOS PENDIENTES\t\t\t<\/a>\n\t\t<\/h3>\n\t\t\t\t<div class=\"elementor-post__meta-data\">\n\t\t\t\t\t<span class=\"elementor-post-date\">\n\t\t\t20 abril, 2026\t\t<\/span>\n\t\t\t\t<\/div>\n\t\t\t\t<div class=\"elementor-post__excerpt\">\n\t\t\t<p>El informe recientemente publicado por el Colegio de Registradores de Espa\u00f1a El rol de la mujer en la empresa espa\u00f1ola, ofrece una radiograf\u00eda actualizada sobre<\/p>\n\t\t<\/div>\n\t\t\t\t<\/div>\n\t\t\t\t<\/article>\n\t\t\t\t<article class=\"elementor-post elementor-grid-item post-4362 post type-post status-publish format-standard has-post-thumbnail hentry category-eventos category-igualdad category-noticia tag-ayuntamiento-de-zaragoza tag-ciem-zaragoza tag-grupo-init tag-liai\" role=\"listitem\">\n\t\t\t\t<a class=\"elementor-post__thumbnail__link\" href=\"https:\/\/igualdad.cepymearagon.es\/?p=4362\" tabindex=\"-1\" >\n\t\t\t<div class=\"elementor-post__thumbnail\"><img loading=\"lazy\" decoding=\"async\" width=\"1299\" height=\"731\" src=\"https:\/\/igualdad.cepymearagon.es\/wp-content\/uploads\/LIAI-2026.jpg\" class=\"attachment-full size-full wp-image-4363\" alt=\"\" srcset=\"https:\/\/igualdad.cepymearagon.es\/wp-content\/uploads\/LIAI-2026.jpg 1299w, https:\/\/igualdad.cepymearagon.es\/wp-content\/uploads\/LIAI-2026-300x169.jpg 300w, https:\/\/igualdad.cepymearagon.es\/wp-content\/uploads\/LIAI-2026-1024x576.jpg 1024w, https:\/\/igualdad.cepymearagon.es\/wp-content\/uploads\/LIAI-2026-768x432.jpg 768w, https:\/\/igualdad.cepymearagon.es\/wp-content\/uploads\/LIAI-2026-100x56.jpg 100w\" sizes=\"(max-width: 1299px) 100vw, 1299px\" \/><\/div>\n\t\t<\/a>\n\t\t\t\t<div class=\"elementor-post__text\">\n\t\t\t\t<h3 class=\"elementor-post__title\">\n\t\t\t<a href=\"https:\/\/igualdad.cepymearagon.es\/?p=4362\" >\n\t\t\t\tLABORATORIO DE INNOVACI\u00d3N ABIERTA EN IGUALDAD (LIAI) 2026\t\t\t<\/a>\n\t\t<\/h3>\n\t\t\t\t<div class=\"elementor-post__meta-data\">\n\t\t\t\t\t<span class=\"elementor-post-date\">\n\t\t\t16 marzo, 2026\t\t<\/span>\n\t\t\t\t<\/div>\n\t\t\t\t<div class=\"elementor-post__excerpt\">\n\t\t\t<p>El pr\u00f3ximo 26 de marzo se celebrar\u00e1 en Zaragoza la tercera edici\u00f3n del Laboratorio de Innovaci\u00f3n Abierta en Igualdad (LIAI 2026), organizado por el Servicio<\/p>\n\t\t<\/div>\n\t\t\t\t<\/div>\n\t\t\t\t<\/article>\n\t\t\t\t<article class=\"elementor-post elementor-grid-item post-4349 post type-post status-publish format-standard has-post-thumbnail hentry category-8m category-eventos category-iam category-igualdad category-instituto-de-las-mujeres category-noticia tag-givetogain tag-iwd2026 tag-poryparatodas tag-8m\" role=\"listitem\">\n\t\t\t\t<a class=\"elementor-post__thumbnail__link\" href=\"https:\/\/igualdad.cepymearagon.es\/?p=4349\" tabindex=\"-1\" >\n\t\t\t<div class=\"elementor-post__thumbnail\"><img loading=\"lazy\" decoding=\"async\" width=\"1600\" height=\"900\" src=\"https:\/\/igualdad.cepymearagon.es\/wp-content\/uploads\/8M_IAM-Gobierno-de-Aragon.jpg\" class=\"attachment-full size-full wp-image-4350\" alt=\"\" srcset=\"https:\/\/igualdad.cepymearagon.es\/wp-content\/uploads\/8M_IAM-Gobierno-de-Aragon.jpg 1600w, https:\/\/igualdad.cepymearagon.es\/wp-content\/uploads\/8M_IAM-Gobierno-de-Aragon-300x169.jpg 300w, https:\/\/igualdad.cepymearagon.es\/wp-content\/uploads\/8M_IAM-Gobierno-de-Aragon-1024x576.jpg 1024w, https:\/\/igualdad.cepymearagon.es\/wp-content\/uploads\/8M_IAM-Gobierno-de-Aragon-768x432.jpg 768w, https:\/\/igualdad.cepymearagon.es\/wp-content\/uploads\/8M_IAM-Gobierno-de-Aragon-100x56.jpg 100w, https:\/\/igualdad.cepymearagon.es\/wp-content\/uploads\/8M_IAM-Gobierno-de-Aragon-1536x864.jpg 1536w\" sizes=\"(max-width: 1600px) 100vw, 1600px\" \/><\/div>\n\t\t<\/a>\n\t\t\t\t<div class=\"elementor-post__text\">\n\t\t\t\t<h3 class=\"elementor-post__title\">\n\t\t\t<a href=\"https:\/\/igualdad.cepymearagon.es\/?p=4349\" >\n\t\t\t\t8 DE MARZO &#8211; D\u00cdA INTERNACIONAL DE LA MUJER\t\t\t<\/a>\n\t\t<\/h3>\n\t\t\t\t<div class=\"elementor-post__meta-data\">\n\t\t\t\t\t<span class=\"elementor-post-date\">\n\t\t\t6 marzo, 2026\t\t<\/span>\n\t\t\t\t<\/div>\n\t\t\t\t<div class=\"elementor-post__excerpt\">\n\t\t\t<p>El domingo 8 de marzo celebramos el D\u00eda Internacional de la Mujer, una fecha oficial reconocida por Naciones Unidas para promover la igualdad de g\u00e9nero<\/p>\n\t\t<\/div>\n\t\t\t\t<\/div>\n\t\t\t\t<\/article>\n\t\t\t\t<\/div>\n\t\t\t\t\t<span class=\"e-load-more-spinner\">\n\t\t\t\t<i aria-hidden=\"true\" class=\"fas fa-spinner\"><\/i>\t\t\t<\/span>\n\t\t\n\t\t\t\t<div class=\"e-load-more-anchor\" data-page=\"1\" data-max-page=\"40\" data-next-page=\"https:\/\/igualdad.cepymearagon.es\/index.php?rest_route=%2Fwp%2Fv2%2Fpages%2F244&#038;paged=2\"><\/div>\n\t\t\t\t<div class=\"elementor-button-wrapper\">\n\t\t\t<a class=\"elementor-button elementor-size-sm\" role=\"button\">\n\t\t\t\t\t\t<span class=\"elementor-button-content-wrapper\">\n\t\t\t\t\t\t\t\t\t<span class=\"elementor-button-text\">Cargar m\u00e1s<\/span>\n\t\t\t\t\t<\/span>\n\t\t\t\t\t<\/a>\n\t\t<\/div>\n\t\t\t\t<div class=\"e-load-more-message\"><\/div>\n\t\t\t\t\t\t<\/div>\n\t\t\t\t<\/div>\n\t\t\t\t\t<\/div>\n\t\t<\/div>\n\t\t\t\t\t<\/div>\n\t\t<\/section>\n\t\t\t\t<\/div>\n\t\t","protected":false},"excerpt":{"rendered":"","protected":false},"author":2,"featured_media":20,"parent":0,"menu_order":0,"comment_status":"closed","ping_status":"closed","template":"","meta":{"footnotes":""},"class_list":["post-244","page","type-page","status-publish","has-post-thumbnail","hentry"],"jetpack_sharing_enabled":true,"jetpack_shortlink":"https:\/\/wp.me\/P7ISwz-3W","post_mailing_queue_ids":[],"_links":{"self":[{"href":"https:\/\/igualdad.cepymearagon.es\/index.php?rest_route=\/wp\/v2\/pages\/244","targetHints":{"allow":["GET"]}}],"collection":[{"href":"https:\/\/igualdad.cepymearagon.es\/index.php?rest_route=\/wp\/v2\/pages"}],"about":[{"href":"https:\/\/igualdad.cepymearagon.es\/index.php?rest_route=\/wp\/v2\/types\/page"}],"author":[{"embeddable":true,"href":"https:\/\/igualdad.cepymearagon.es\/index.php?rest_route=\/wp\/v2\/users\/2"}],"replies":[{"embeddable":true,"href":"https:\/\/igualdad.cepymearagon.es\/index.php?rest_route=%2Fwp%2Fv2%2Fcomments&post=244"}],"version-history":[{"count":4,"href":"https:\/\/igualdad.cepymearagon.es\/index.php?rest_route=\/wp\/v2\/pages\/244\/revisions"}],"predecessor-version":[{"id":3014,"href":"https:\/\/igualdad.cepymearagon.es\/index.php?rest_route=\/wp\/v2\/pages\/244\/revisions\/3014"}],"wp:featuredmedia":[{"embeddable":true,"href":"https:\/\/igualdad.cepymearagon.es\/index.php?rest_route=\/wp\/v2\/media\/20"}],"wp:attachment":[{"href":"https:\/\/igualdad.cepymearagon.es\/index.php?rest_route=%2Fwp%2Fv2%2Fmedia&parent=244"}],"curies":[{"name":"wp","href":"https:\/\/api.w.org\/{rel}","templated":true}]}}