{"id":3017,"date":"2023-12-21T14:15:49","date_gmt":"2023-12-21T12:15:49","guid":{"rendered":"http:\/\/igualdad.cepymearagon.es\/?page_id=3017"},"modified":"2023-12-21T14:16:42","modified_gmt":"2023-12-21T12:16:42","slug":"eventos","status":"publish","type":"page","link":"https:\/\/igualdad.cepymearagon.es\/?page_id=3017","title":{"rendered":"Eventos"},"content":{"rendered":"\t\t<div data-elementor-type=\"wp-page\" data-elementor-id=\"3017\" class=\"elementor elementor-3017\" data-elementor-post-type=\"page\">\n\t\t\t\t\t\t<section class=\"elementor-section elementor-top-section elementor-element elementor-element-60d5d3c elementor-section-boxed elementor-section-height-default elementor-section-height-default\" data-id=\"60d5d3c\" data-element_type=\"section\" data-e-type=\"section\">\n\t\t\t\t\t\t<div class=\"elementor-container elementor-column-gap-default\">\n\t\t\t\t\t<div class=\"elementor-column elementor-col-100 elementor-top-column elementor-element elementor-element-98a5567\" data-id=\"98a5567\" data-element_type=\"column\" data-e-type=\"column\">\n\t\t\t<div class=\"elementor-widget-wrap elementor-element-populated\">\n\t\t\t\t\t\t<div class=\"elementor-element elementor-element-cd59f92 elementor-grid-3 elementor-grid-tablet-2 elementor-grid-mobile-1 elementor-posts--thumbnail-top load-more-align-center elementor-widget elementor-widget-posts\" data-id=\"cd59f92\" data-element_type=\"widget\" data-e-type=\"widget\" data-settings=\"{&quot;pagination_type&quot;:&quot;load_more_on_click&quot;,&quot;classic_columns&quot;:&quot;3&quot;,&quot;classic_columns_tablet&quot;:&quot;2&quot;,&quot;classic_columns_mobile&quot;:&quot;1&quot;,&quot;classic_row_gap&quot;:{&quot;unit&quot;:&quot;px&quot;,&quot;size&quot;:35,&quot;sizes&quot;:[]},&quot;classic_row_gap_tablet&quot;:{&quot;unit&quot;:&quot;px&quot;,&quot;size&quot;:&quot;&quot;,&quot;sizes&quot;:[]},&quot;classic_row_gap_mobile&quot;:{&quot;unit&quot;:&quot;px&quot;,&quot;size&quot;:&quot;&quot;,&quot;sizes&quot;:[]},&quot;load_more_spinner&quot;:{&quot;value&quot;:&quot;fas fa-spinner&quot;,&quot;library&quot;:&quot;fa-solid&quot;}}\" data-widget_type=\"posts.classic\">\n\t\t\t\t<div class=\"elementor-widget-container\">\n\t\t\t\t\t\t\t<div class=\"elementor-posts-container elementor-posts elementor-posts--skin-classic elementor-grid\" role=\"list\">\n\t\t\t\t<article class=\"elementor-post elementor-grid-item post-4362 post type-post status-publish format-standard has-post-thumbnail hentry category-eventos category-igualdad category-noticia tag-ayuntamiento-de-zaragoza tag-ciem-zaragoza tag-grupo-init tag-liai\" role=\"listitem\">\n\t\t\t\t<a class=\"elementor-post__thumbnail__link\" href=\"https:\/\/igualdad.cepymearagon.es\/?p=4362\" tabindex=\"-1\" >\n\t\t\t<div class=\"elementor-post__thumbnail\"><img fetchpriority=\"high\" decoding=\"async\" width=\"1299\" height=\"731\" src=\"https:\/\/igualdad.cepymearagon.es\/wp-content\/uploads\/LIAI-2026.jpg\" class=\"attachment-full size-full wp-image-4363\" alt=\"\" srcset=\"https:\/\/igualdad.cepymearagon.es\/wp-content\/uploads\/LIAI-2026.jpg 1299w, https:\/\/igualdad.cepymearagon.es\/wp-content\/uploads\/LIAI-2026-300x169.jpg 300w, https:\/\/igualdad.cepymearagon.es\/wp-content\/uploads\/LIAI-2026-1024x576.jpg 1024w, https:\/\/igualdad.cepymearagon.es\/wp-content\/uploads\/LIAI-2026-768x432.jpg 768w, https:\/\/igualdad.cepymearagon.es\/wp-content\/uploads\/LIAI-2026-100x56.jpg 100w\" sizes=\"(max-width: 1299px) 100vw, 1299px\" \/><\/div>\n\t\t<\/a>\n\t\t\t\t<div class=\"elementor-post__text\">\n\t\t\t\t<h3 class=\"elementor-post__title\">\n\t\t\t<a href=\"https:\/\/igualdad.cepymearagon.es\/?p=4362\" >\n\t\t\t\tLABORATORIO DE INNOVACI\u00d3N ABIERTA EN IGUALDAD (LIAI) 2026\t\t\t<\/a>\n\t\t<\/h3>\n\t\t\t\t<div class=\"elementor-post__meta-data\">\n\t\t\t\t\t<span class=\"elementor-post-date\">\n\t\t\t16 marzo, 2026\t\t<\/span>\n\t\t\t\t<\/div>\n\t\t\t\t<div class=\"elementor-post__excerpt\">\n\t\t\t<p>El pr\u00f3ximo 26 de marzo se celebrar\u00e1 en Zaragoza la tercera edici\u00f3n del Laboratorio de Innovaci\u00f3n Abierta en Igualdad (LIAI 2026), organizado por el Servicio<\/p>\n\t\t<\/div>\n\t\t\t\t<\/div>\n\t\t\t\t<\/article>\n\t\t\t\t<article class=\"elementor-post elementor-grid-item post-4349 post type-post status-publish format-standard has-post-thumbnail hentry category-8m category-eventos category-iam category-igualdad category-instituto-de-las-mujeres category-noticia tag-givetogain tag-iwd2026 tag-poryparatodas tag-8m\" role=\"listitem\">\n\t\t\t\t<a class=\"elementor-post__thumbnail__link\" href=\"https:\/\/igualdad.cepymearagon.es\/?p=4349\" tabindex=\"-1\" >\n\t\t\t<div class=\"elementor-post__thumbnail\"><img decoding=\"async\" width=\"1600\" height=\"900\" src=\"https:\/\/igualdad.cepymearagon.es\/wp-content\/uploads\/8M_IAM-Gobierno-de-Aragon.jpg\" class=\"attachment-full size-full wp-image-4350\" alt=\"\" srcset=\"https:\/\/igualdad.cepymearagon.es\/wp-content\/uploads\/8M_IAM-Gobierno-de-Aragon.jpg 1600w, https:\/\/igualdad.cepymearagon.es\/wp-content\/uploads\/8M_IAM-Gobierno-de-Aragon-300x169.jpg 300w, https:\/\/igualdad.cepymearagon.es\/wp-content\/uploads\/8M_IAM-Gobierno-de-Aragon-1024x576.jpg 1024w, https:\/\/igualdad.cepymearagon.es\/wp-content\/uploads\/8M_IAM-Gobierno-de-Aragon-768x432.jpg 768w, https:\/\/igualdad.cepymearagon.es\/wp-content\/uploads\/8M_IAM-Gobierno-de-Aragon-100x56.jpg 100w, https:\/\/igualdad.cepymearagon.es\/wp-content\/uploads\/8M_IAM-Gobierno-de-Aragon-1536x864.jpg 1536w\" sizes=\"(max-width: 1600px) 100vw, 1600px\" \/><\/div>\n\t\t<\/a>\n\t\t\t\t<div class=\"elementor-post__text\">\n\t\t\t\t<h3 class=\"elementor-post__title\">\n\t\t\t<a href=\"https:\/\/igualdad.cepymearagon.es\/?p=4349\" >\n\t\t\t\t8 DE MARZO &#8211; D\u00cdA INTERNACIONAL DE LA MUJER\t\t\t<\/a>\n\t\t<\/h3>\n\t\t\t\t<div class=\"elementor-post__meta-data\">\n\t\t\t\t\t<span class=\"elementor-post-date\">\n\t\t\t6 marzo, 2026\t\t<\/span>\n\t\t\t\t<\/div>\n\t\t\t\t<div class=\"elementor-post__excerpt\">\n\t\t\t<p>El domingo 8 de marzo celebramos el D\u00eda Internacional de la Mujer, una fecha oficial reconocida por Naciones Unidas para promover la igualdad de g\u00e9nero<\/p>\n\t\t<\/div>\n\t\t\t\t<\/div>\n\t\t\t\t<\/article>\n\t\t\t\t<article class=\"elementor-post elementor-grid-item post-4321 post type-post status-publish format-standard has-post-thumbnail hentry category-eventos category-igualdad category-noticia tag-cientificaentubarrio tag-11f tag-aragon-investiga tag-cientificas tag-dia-internacional-de-la-mujer-y-la-nina-en-la-ciencia tag-ia tag-igualdad tag-igualdad-laboral\" role=\"listitem\">\n\t\t\t\t<a class=\"elementor-post__thumbnail__link\" href=\"https:\/\/igualdad.cepymearagon.es\/?p=4321\" tabindex=\"-1\" >\n\t\t\t<div class=\"elementor-post__thumbnail\"><img decoding=\"async\" width=\"495\" height=\"458\" src=\"https:\/\/igualdad.cepymearagon.es\/wp-content\/uploads\/11F.png\" class=\"attachment-full size-full wp-image-4322\" alt=\"\" srcset=\"https:\/\/igualdad.cepymearagon.es\/wp-content\/uploads\/11F.png 495w, https:\/\/igualdad.cepymearagon.es\/wp-content\/uploads\/11F-300x278.png 300w, https:\/\/igualdad.cepymearagon.es\/wp-content\/uploads\/11F-100x93.png 100w\" sizes=\"(max-width: 495px) 100vw, 495px\" \/><\/div>\n\t\t<\/a>\n\t\t\t\t<div class=\"elementor-post__text\">\n\t\t\t\t<h3 class=\"elementor-post__title\">\n\t\t\t<a href=\"https:\/\/igualdad.cepymearagon.es\/?p=4321\" >\n\t\t\t\tDIA INTERNACIONAL DE LA MUJER Y LA NI\u00d1A EN LA CIENCIA 2026\t\t\t<\/a>\n\t\t<\/h3>\n\t\t\t\t<div class=\"elementor-post__meta-data\">\n\t\t\t\t\t<span class=\"elementor-post-date\">\n\t\t\t11 febrero, 2026\t\t<\/span>\n\t\t\t\t<\/div>\n\t\t\t\t<div class=\"elementor-post__excerpt\">\n\t\t\t<p>Hoy 11 de febrero se conmemora el D\u00eda Internacional de la Mujer y la Ni\u00f1a en la Ciencia, una fecha proclamada por la Asamblea General<\/p>\n\t\t<\/div>\n\t\t\t\t<\/div>\n\t\t\t\t<\/article>\n\t\t\t\t<article class=\"elementor-post elementor-grid-item post-4128 post type-post status-publish format-standard has-post-thumbnail hentry category-eventos category-igualdad category-violencia-de-genero tag-25n tag-dia-internacional-para-la-eliminacion-de-la-violencia-contra-la-mujer\" role=\"listitem\">\n\t\t\t\t<a class=\"elementor-post__thumbnail__link\" href=\"https:\/\/igualdad.cepymearagon.es\/?p=4128\" tabindex=\"-1\" >\n\t\t\t<div class=\"elementor-post__thumbnail\"><img loading=\"lazy\" decoding=\"async\" width=\"818\" height=\"234\" src=\"https:\/\/igualdad.cepymearagon.es\/wp-content\/uploads\/25n-2.jpg\" class=\"attachment-full size-full wp-image-4129\" alt=\"\" srcset=\"https:\/\/igualdad.cepymearagon.es\/wp-content\/uploads\/25n-2.jpg 818w, https:\/\/igualdad.cepymearagon.es\/wp-content\/uploads\/25n-2-300x86.jpg 300w, https:\/\/igualdad.cepymearagon.es\/wp-content\/uploads\/25n-2-768x220.jpg 768w, https:\/\/igualdad.cepymearagon.es\/wp-content\/uploads\/25n-2-100x29.jpg 100w, https:\/\/igualdad.cepymearagon.es\/wp-content\/uploads\/25n-2-350x100.jpg 350w\" sizes=\"(max-width: 818px) 100vw, 818px\" \/><\/div>\n\t\t<\/a>\n\t\t\t\t<div class=\"elementor-post__text\">\n\t\t\t\t<h3 class=\"elementor-post__title\">\n\t\t\t<a href=\"https:\/\/igualdad.cepymearagon.es\/?p=4128\" >\n\t\t\t\t#25N &#8211; DIA INTERNACIONAL PARA LA ELIMINACI\u00d3N DE LA VIOLENCIA CONTRA LAS MUJERES\t\t\t<\/a>\n\t\t<\/h3>\n\t\t\t\t<div class=\"elementor-post__meta-data\">\n\t\t\t\t\t<span class=\"elementor-post-date\">\n\t\t\t25 noviembre, 2025\t\t<\/span>\n\t\t\t\t<\/div>\n\t\t\t\t<div class=\"elementor-post__excerpt\">\n\t\t\t<p>Hoy 25 de noviembre celebramos el D\u00eda Internacional para la Eliminaci\u00f3n de la Violencia contra las Mujeres, que sigue siendo una de las violaciones de<\/p>\n\t\t<\/div>\n\t\t\t\t<\/div>\n\t\t\t\t<\/article>\n\t\t\t\t<article class=\"elementor-post elementor-grid-item post-4100 post type-post status-publish format-standard has-post-thumbnail hentry category-eventos category-igualdad category-noticia tag-buenas-practicas tag-negociacion-colectiva\" role=\"listitem\">\n\t\t\t\t<a class=\"elementor-post__thumbnail__link\" href=\"https:\/\/igualdad.cepymearagon.es\/?p=4100\" tabindex=\"-1\" >\n\t\t\t<div class=\"elementor-post__thumbnail\"><img loading=\"lazy\" decoding=\"async\" width=\"655\" height=\"425\" src=\"https:\/\/igualdad.cepymearagon.es\/wp-content\/uploads\/Jornada-NC.jpg\" class=\"attachment-full size-full wp-image-4102\" alt=\"\" srcset=\"https:\/\/igualdad.cepymearagon.es\/wp-content\/uploads\/Jornada-NC.jpg 655w, https:\/\/igualdad.cepymearagon.es\/wp-content\/uploads\/Jornada-NC-300x195.jpg 300w, https:\/\/igualdad.cepymearagon.es\/wp-content\/uploads\/Jornada-NC-100x65.jpg 100w, https:\/\/igualdad.cepymearagon.es\/wp-content\/uploads\/Jornada-NC-154x100.jpg 154w\" sizes=\"(max-width: 655px) 100vw, 655px\" \/><\/div>\n\t\t<\/a>\n\t\t\t\t<div class=\"elementor-post__text\">\n\t\t\t\t<h3 class=\"elementor-post__title\">\n\t\t\t<a href=\"https:\/\/igualdad.cepymearagon.es\/?p=4100\" >\n\t\t\t\tI JORNADA SOBRE BUENAS PR\u00c1CTICAS EN NEGOCIACI\u00d3N COLECTIVA\t\t\t<\/a>\n\t\t<\/h3>\n\t\t\t\t<div class=\"elementor-post__meta-data\">\n\t\t\t\t\t<span class=\"elementor-post-date\">\n\t\t\t7 noviembre, 2025\t\t<\/span>\n\t\t\t\t<\/div>\n\t\t\t\t<div class=\"elementor-post__excerpt\">\n\t\t\t<p>El pr\u00f3ximo 18 de noviembre, el Centro de Tecnolog\u00edas Avanzadas de Zaragoza ser\u00e1 el escenario de la I Jornada sobre Buenas Pr\u00e1cticas en Negociaci\u00f3n Colectiva.<\/p>\n\t\t<\/div>\n\t\t\t\t<\/div>\n\t\t\t\t<\/article>\n\t\t\t\t<article class=\"elementor-post elementor-grid-item post-4063 post type-post status-publish format-standard has-post-thumbnail hentry category-buenas-practicas category-eventos category-igualdad category-publicaciones tag-acoso-laboral tag-jornada-igualdad tag-plan-de-igualdad tag-planes-de-igualdad tag-protocolo-de-acoso\" role=\"listitem\">\n\t\t\t\t<a class=\"elementor-post__thumbnail__link\" href=\"https:\/\/igualdad.cepymearagon.es\/?p=4063\" tabindex=\"-1\" >\n\t\t\t<div class=\"elementor-post__thumbnail\"><img loading=\"lazy\" decoding=\"async\" width=\"1587\" height=\"2245\" src=\"https:\/\/igualdad.cepymearagon.es\/wp-content\/uploads\/Cartel-VI-Jornada-Igualdad-en-la-empresa-en-Aragon.png\" class=\"attachment-full size-full wp-image-4064\" alt=\"\" srcset=\"https:\/\/igualdad.cepymearagon.es\/wp-content\/uploads\/Cartel-VI-Jornada-Igualdad-en-la-empresa-en-Aragon.png 1587w, https:\/\/igualdad.cepymearagon.es\/wp-content\/uploads\/Cartel-VI-Jornada-Igualdad-en-la-empresa-en-Aragon-212x300.png 212w, https:\/\/igualdad.cepymearagon.es\/wp-content\/uploads\/Cartel-VI-Jornada-Igualdad-en-la-empresa-en-Aragon-724x1024.png 724w, https:\/\/igualdad.cepymearagon.es\/wp-content\/uploads\/Cartel-VI-Jornada-Igualdad-en-la-empresa-en-Aragon-768x1086.png 768w, https:\/\/igualdad.cepymearagon.es\/wp-content\/uploads\/Cartel-VI-Jornada-Igualdad-en-la-empresa-en-Aragon-100x141.png 100w, https:\/\/igualdad.cepymearagon.es\/wp-content\/uploads\/Cartel-VI-Jornada-Igualdad-en-la-empresa-en-Aragon-71x100.png 71w, https:\/\/igualdad.cepymearagon.es\/wp-content\/uploads\/Cartel-VI-Jornada-Igualdad-en-la-empresa-en-Aragon-1086x1536.png 1086w, https:\/\/igualdad.cepymearagon.es\/wp-content\/uploads\/Cartel-VI-Jornada-Igualdad-en-la-empresa-en-Aragon-1448x2048.png 1448w\" sizes=\"(max-width: 1587px) 100vw, 1587px\" \/><\/div>\n\t\t<\/a>\n\t\t\t\t<div class=\"elementor-post__text\">\n\t\t\t\t<h3 class=\"elementor-post__title\">\n\t\t\t<a href=\"https:\/\/igualdad.cepymearagon.es\/?p=4063\" >\n\t\t\t\tVI Jornada \u201cIgualdad en la Empresa en Arag\u00f3n\u201d\t\t\t<\/a>\n\t\t<\/h3>\n\t\t\t\t<div class=\"elementor-post__meta-data\">\n\t\t\t\t\t<span class=\"elementor-post-date\">\n\t\t\t14 octubre, 2025\t\t<\/span>\n\t\t\t\t<\/div>\n\t\t\t\t<div class=\"elementor-post__excerpt\">\n\t\t\t<p>El pr\u00f3ximo 30 de octubre de 2025, la Sala Goya (San Pedro Nolasco, 7, Zaragoza) acoger\u00e1 la VI Jornada \u201cIgualdad en la Empresa en Arag\u00f3n\u201d,<\/p>\n\t\t<\/div>\n\t\t\t\t<\/div>\n\t\t\t\t<\/article>\n\t\t\t\t<\/div>\n\t\t\t\t\t<span class=\"e-load-more-spinner\">\n\t\t\t\t<i aria-hidden=\"true\" class=\"fas fa-spinner\"><\/i>\t\t\t<\/span>\n\t\t\n\t\t\t\t<div class=\"e-load-more-anchor\" data-page=\"1\" data-max-page=\"10\" data-next-page=\"https:\/\/igualdad.cepymearagon.es\/index.php?rest_route=%2Fwp%2Fv2%2Fpages%2F3017&#038;paged=2\"><\/div>\n\t\t\t\t<div class=\"elementor-button-wrapper\">\n\t\t\t<a class=\"elementor-button elementor-size-sm\" role=\"button\">\n\t\t\t\t\t\t<span class=\"elementor-button-content-wrapper\">\n\t\t\t\t\t\t\t\t\t<span class=\"elementor-button-text\">Cargar m\u00e1s<\/span>\n\t\t\t\t\t<\/span>\n\t\t\t\t\t<\/a>\n\t\t<\/div>\n\t\t\t\t<div class=\"e-load-more-message\"><\/div>\n\t\t\t\t\t\t<\/div>\n\t\t\t\t<\/div>\n\t\t\t\t\t<\/div>\n\t\t<\/div>\n\t\t\t\t\t<\/div>\n\t\t<\/section>\n\t\t\t\t<\/div>\n\t\t","protected":false},"excerpt":{"rendered":"","protected":false},"author":1,"featured_media":20,"parent":0,"menu_order":0,"comment_status":"closed","ping_status":"closed","template":"","meta":{"footnotes":""},"class_list":["post-3017","page","type-page","status-publish","has-post-thumbnail","hentry"],"jetpack_sharing_enabled":true,"jetpack_shortlink":"https:\/\/wp.me\/P7ISwz-MF","post_mailing_queue_ids":[],"_links":{"self":[{"href":"https:\/\/igualdad.cepymearagon.es\/index.php?rest_route=\/wp\/v2\/pages\/3017","targetHints":{"allow":["GET"]}}],"collection":[{"href":"https:\/\/igualdad.cepymearagon.es\/index.php?rest_route=\/wp\/v2\/pages"}],"about":[{"href":"https:\/\/igualdad.cepymearagon.es\/index.php?rest_route=\/wp\/v2\/types\/page"}],"author":[{"embeddable":true,"href":"https:\/\/igualdad.cepymearagon.es\/index.php?rest_route=\/wp\/v2\/users\/1"}],"replies":[{"embeddable":true,"href":"https:\/\/igualdad.cepymearagon.es\/index.php?rest_route=%2Fwp%2Fv2%2Fcomments&post=3017"}],"version-history":[{"count":4,"href":"https:\/\/igualdad.cepymearagon.es\/index.php?rest_route=\/wp\/v2\/pages\/3017\/revisions"}],"predecessor-version":[{"id":3022,"href":"https:\/\/igualdad.cepymearagon.es\/index.php?rest_route=\/wp\/v2\/pages\/3017\/revisions\/3022"}],"wp:featuredmedia":[{"embeddable":true,"href":"https:\/\/igualdad.cepymearagon.es\/index.php?rest_route=\/wp\/v2\/media\/20"}],"wp:attachment":[{"href":"https:\/\/igualdad.cepymearagon.es\/index.php?rest_route=%2Fwp%2Fv2%2Fmedia&parent=3017"}],"curies":[{"name":"wp","href":"https:\/\/api.w.org\/{rel}","templated":true}]}}