{"id":3452,"date":"2024-11-04T16:05:03","date_gmt":"2024-11-04T14:05:03","guid":{"rendered":"https:\/\/igualdad.cepymearagon.es\/?page_id=3452"},"modified":"2025-12-23T10:26:12","modified_gmt":"2025-12-23T09:26:12","slug":"escuela-de-igualdad-laboral","status":"publish","type":"page","link":"https:\/\/igualdad.cepymearagon.es\/?page_id=3452","title":{"rendered":"ESCUELA DE IGUALDAD LABORAL"},"content":{"rendered":"\t\t<div data-elementor-type=\"wp-page\" data-elementor-id=\"3452\" class=\"elementor elementor-3452\" data-elementor-post-type=\"page\">\n\t\t\t\t\t\t<section class=\"elementor-section elementor-top-section elementor-element elementor-element-9412f67 elementor-section-boxed elementor-section-height-default elementor-section-height-default\" data-id=\"9412f67\" data-element_type=\"section\" data-e-type=\"section\">\n\t\t\t\t\t\t<div class=\"elementor-container elementor-column-gap-default\">\n\t\t\t\t\t<div class=\"elementor-column elementor-col-100 elementor-top-column elementor-element elementor-element-56dcfec\" data-id=\"56dcfec\" data-element_type=\"column\" data-e-type=\"column\">\n\t\t\t<div class=\"elementor-widget-wrap elementor-element-populated\">\n\t\t\t\t\t\t<div class=\"elementor-element elementor-element-262e9a3 elementor-widget elementor-widget-heading\" data-id=\"262e9a3\" data-element_type=\"widget\" data-e-type=\"widget\" data-widget_type=\"heading.default\">\n\t\t\t\t<div class=\"elementor-widget-container\">\n\t\t\t\t\t<h2 class=\"elementor-heading-title elementor-size-default\">CEPYME Arag\u00f3n, con la financiaci\u00f3n del Gobierno de Arag\u00f3n, pone a su disposici\u00f3n una serie de acciones formativas en materia de igualdad.<br><br>\nEstos cursos de formaci\u00f3n pretenden ser un elemento de apoyo para las empresas a la hora de abordar las obligaciones normativas en materia de igualdad as\u00ed como para las personas trabajadoras que deseen ampliar conocimientos en la materia y capacitarse para el desarrollo de su actividad laboral.<br><br>\nSe trata de acciones formativas gratuitas de corta duraci\u00f3n.<br><br>\nA continuaci\u00f3n le mostramos el cat\u00e1logo de las formaciones disponibles:<\/h2>\t\t\t\t<\/div>\n\t\t\t\t<\/div>\n\t\t\t\t\t<\/div>\n\t\t<\/div>\n\t\t\t\t\t<\/div>\n\t\t<\/section>\n\t\t\t\t<section class=\"elementor-section elementor-inner-section elementor-element elementor-element-8408175 elementor-hidden-tablet elementor-section-boxed elementor-section-height-default elementor-section-height-default\" data-id=\"8408175\" data-element_type=\"section\" data-e-type=\"section\" data-settings=\"{&quot;background_background&quot;:&quot;classic&quot;}\">\n\t\t\t\t\t\t<div class=\"elementor-container elementor-column-gap-default\">\n\t\t\t\t\t<div class=\"elementor-column elementor-col-33 elementor-inner-column elementor-element elementor-element-abaac24\" data-id=\"abaac24\" data-element_type=\"column\" data-e-type=\"column\">\n\t\t\t<div class=\"elementor-widget-wrap elementor-element-populated\">\n\t\t\t\t\t\t<div class=\"elementor-element elementor-element-ba288fd elementor-position-top elementor-widget elementor-widget-image-box\" data-id=\"ba288fd\" data-element_type=\"widget\" data-e-type=\"widget\" data-widget_type=\"image-box.default\">\n\t\t\t\t<div class=\"elementor-widget-container\">\n\t\t\t\t\t<div class=\"elementor-image-box-wrapper\"><figure class=\"elementor-image-box-img\"><img fetchpriority=\"high\" decoding=\"async\" width=\"768\" height=\"1086\" src=\"https:\/\/igualdad.cepymearagon.es\/wp-content\/uploads\/Nociones-basicas-sobre-obligaciones-normativas-en-materia-de-igualdad_Portada-768x1086.png\" class=\"attachment-medium_large size-medium_large wp-image-4149\" alt=\"\" srcset=\"https:\/\/igualdad.cepymearagon.es\/wp-content\/uploads\/Nociones-basicas-sobre-obligaciones-normativas-en-materia-de-igualdad_Portada-768x1086.png 768w, https:\/\/igualdad.cepymearagon.es\/wp-content\/uploads\/Nociones-basicas-sobre-obligaciones-normativas-en-materia-de-igualdad_Portada-212x300.png 212w, https:\/\/igualdad.cepymearagon.es\/wp-content\/uploads\/Nociones-basicas-sobre-obligaciones-normativas-en-materia-de-igualdad_Portada-724x1024.png 724w, https:\/\/igualdad.cepymearagon.es\/wp-content\/uploads\/Nociones-basicas-sobre-obligaciones-normativas-en-materia-de-igualdad_Portada-100x141.png 100w, https:\/\/igualdad.cepymearagon.es\/wp-content\/uploads\/Nociones-basicas-sobre-obligaciones-normativas-en-materia-de-igualdad_Portada-71x100.png 71w, https:\/\/igualdad.cepymearagon.es\/wp-content\/uploads\/Nociones-basicas-sobre-obligaciones-normativas-en-materia-de-igualdad_Portada-1086x1536.png 1086w, https:\/\/igualdad.cepymearagon.es\/wp-content\/uploads\/Nociones-basicas-sobre-obligaciones-normativas-en-materia-de-igualdad_Portada.png 1414w\" sizes=\"(max-width: 768px) 100vw, 768px\" \/><\/figure><div class=\"elementor-image-box-content\"><h3 class=\"elementor-image-box-title\">ON LINE \u00b7 8 HORAS<\/h3><p class=\"elementor-image-box-description\">Una visi\u00f3n completa, ordenada y rigurosa de las obligaciones legales en materia de igualdad, que facilita el conocimiento necesario para identificar, aplicar y mantener las medidas de la normativa vigente.<\/p><\/div><\/div>\t\t\t\t<\/div>\n\t\t\t\t<\/div>\n\t\t\t\t<div class=\"elementor-element elementor-element-8167012 elementor-align-center elementor-widget elementor-widget-button\" data-id=\"8167012\" data-element_type=\"widget\" data-e-type=\"widget\" data-widget_type=\"button.default\">\n\t\t\t\t<div class=\"elementor-widget-container\">\n\t\t\t\t\t\t\t\t\t<div class=\"elementor-button-wrapper\">\n\t\t\t\t\t<a class=\"elementor-button elementor-button-link elementor-size-sm\" href=\"https:\/\/igualdad.cepymearagon.es\/?page_id=4268%20\">\n\t\t\t\t\t\t<span class=\"elementor-button-content-wrapper\">\n\t\t\t\t\t\t\t\t\t<span class=\"elementor-button-text\">Acceder al curso<\/span>\n\t\t\t\t\t<\/span>\n\t\t\t\t\t<\/a>\n\t\t\t\t<\/div>\n\t\t\t\t\t\t\t\t<\/div>\n\t\t\t\t<\/div>\n\t\t\t\t\t<\/div>\n\t\t<\/div>\n\t\t\t\t<div class=\"elementor-column elementor-col-33 elementor-inner-column elementor-element elementor-element-1dd74fc8\" data-id=\"1dd74fc8\" data-element_type=\"column\" data-e-type=\"column\">\n\t\t\t<div class=\"elementor-widget-wrap elementor-element-populated\">\n\t\t\t\t\t\t<div class=\"elementor-element elementor-element-02f949f elementor-position-top elementor-widget elementor-widget-image-box\" data-id=\"02f949f\" data-element_type=\"widget\" data-e-type=\"widget\" data-widget_type=\"image-box.default\">\n\t\t\t\t<div class=\"elementor-widget-container\">\n\t\t\t\t\t<div class=\"elementor-image-box-wrapper\"><figure class=\"elementor-image-box-img\"><img decoding=\"async\" width=\"768\" height=\"1086\" src=\"https:\/\/igualdad.cepymearagon.es\/wp-content\/uploads\/Cartel-curso-protocolo-2024-768x1086.png\" class=\"attachment-medium_large size-medium_large wp-image-3525\" alt=\"\" srcset=\"https:\/\/igualdad.cepymearagon.es\/wp-content\/uploads\/Cartel-curso-protocolo-2024-768x1086.png 768w, https:\/\/igualdad.cepymearagon.es\/wp-content\/uploads\/Cartel-curso-protocolo-2024-212x300.png 212w, https:\/\/igualdad.cepymearagon.es\/wp-content\/uploads\/Cartel-curso-protocolo-2024-724x1024.png 724w, https:\/\/igualdad.cepymearagon.es\/wp-content\/uploads\/Cartel-curso-protocolo-2024-100x141.png 100w, https:\/\/igualdad.cepymearagon.es\/wp-content\/uploads\/Cartel-curso-protocolo-2024-71x100.png 71w, https:\/\/igualdad.cepymearagon.es\/wp-content\/uploads\/Cartel-curso-protocolo-2024-1086x1536.png 1086w, https:\/\/igualdad.cepymearagon.es\/wp-content\/uploads\/Cartel-curso-protocolo-2024.png 1414w\" sizes=\"(max-width: 768px) 100vw, 768px\" \/><\/figure><div class=\"elementor-image-box-content\"><h3 class=\"elementor-image-box-title\">ON LINE \u00b7 8 HORAS<\/h3><p class=\"elementor-image-box-description\">Identificar situaciones de acoso y otras conductas contrarias a la libertad sexual y la integridad moral en el \u00e1mbito laboral y desarrollar un protocolo espec\u00edfico para su erradicaci\u00f3n.<\/p><\/div><\/div>\t\t\t\t<\/div>\n\t\t\t\t<\/div>\n\t\t\t\t<div class=\"elementor-element elementor-element-c85fb35 elementor-align-center elementor-widget elementor-widget-button\" data-id=\"c85fb35\" data-element_type=\"widget\" data-e-type=\"widget\" data-widget_type=\"button.default\">\n\t\t\t\t<div class=\"elementor-widget-container\">\n\t\t\t\t\t\t\t\t\t<div class=\"elementor-button-wrapper\">\n\t\t\t\t\t<a class=\"elementor-button elementor-button-link elementor-size-sm\" href=\"https:\/\/igualdad.cepymearagon.es\/?page_id=3765\">\n\t\t\t\t\t\t<span class=\"elementor-button-content-wrapper\">\n\t\t\t\t\t\t\t\t\t<span class=\"elementor-button-text\">Acceder al curso<\/span>\n\t\t\t\t\t<\/span>\n\t\t\t\t\t<\/a>\n\t\t\t\t<\/div>\n\t\t\t\t\t\t\t\t<\/div>\n\t\t\t\t<\/div>\n\t\t\t\t\t<\/div>\n\t\t<\/div>\n\t\t\t\t<div class=\"elementor-column elementor-col-33 elementor-inner-column elementor-element elementor-element-4164a8b\" data-id=\"4164a8b\" data-element_type=\"column\" data-e-type=\"column\">\n\t\t\t<div class=\"elementor-widget-wrap elementor-element-populated\">\n\t\t\t\t\t\t<div class=\"elementor-element elementor-element-97410f5 elementor-position-top elementor-widget elementor-widget-image-box\" data-id=\"97410f5\" data-element_type=\"widget\" data-e-type=\"widget\" data-widget_type=\"image-box.default\">\n\t\t\t\t<div class=\"elementor-widget-container\">\n\t\t\t\t\t<div class=\"elementor-image-box-wrapper\"><figure class=\"elementor-image-box-img\"><img decoding=\"async\" width=\"598\" height=\"844\" src=\"https:\/\/igualdad.cepymearagon.es\/wp-content\/uploads\/C23_Portada.jpg\" class=\"attachment-medium_large size-medium_large wp-image-2939\" alt=\"\" srcset=\"https:\/\/igualdad.cepymearagon.es\/wp-content\/uploads\/C23_Portada.jpg 598w, https:\/\/igualdad.cepymearagon.es\/wp-content\/uploads\/C23_Portada-213x300.jpg 213w, https:\/\/igualdad.cepymearagon.es\/wp-content\/uploads\/C23_Portada-100x141.jpg 100w, https:\/\/igualdad.cepymearagon.es\/wp-content\/uploads\/C23_Portada-71x100.jpg 71w\" sizes=\"(max-width: 598px) 100vw, 598px\" \/><\/figure><div class=\"elementor-image-box-content\"><h3 class=\"elementor-image-box-title\">ON LINE \u00b7 8 HORAS<\/h3><p class=\"elementor-image-box-description\">El objetivo pedag\u00f3gico de este curso es promover la sensibilizaci\u00f3n y formar a las personas trabajadoras en la protecci\u00f3n integral contra las violencias sexuales en el \u00e1mbito laboral.<\/p><\/div><\/div>\t\t\t\t<\/div>\n\t\t\t\t<\/div>\n\t\t\t\t<div class=\"elementor-element elementor-element-df072df elementor-align-center elementor-widget elementor-widget-button\" data-id=\"df072df\" data-element_type=\"widget\" data-e-type=\"widget\" data-widget_type=\"button.default\">\n\t\t\t\t<div class=\"elementor-widget-container\">\n\t\t\t\t\t\t\t\t\t<div class=\"elementor-button-wrapper\">\n\t\t\t\t\t<a class=\"elementor-button elementor-button-link elementor-size-sm\" href=\"https:\/\/igualdad.cepymearagon.es\/?page_id=2933\">\n\t\t\t\t\t\t<span class=\"elementor-button-content-wrapper\">\n\t\t\t\t\t\t\t\t\t<span class=\"elementor-button-text\">Acceder al curso<\/span>\n\t\t\t\t\t<\/span>\n\t\t\t\t\t<\/a>\n\t\t\t\t<\/div>\n\t\t\t\t\t\t\t\t<\/div>\n\t\t\t\t<\/div>\n\t\t\t\t\t<\/div>\n\t\t<\/div>\n\t\t\t\t\t<\/div>\n\t\t<\/section>\n\t\t\t\t<section class=\"elementor-section elementor-inner-section elementor-element elementor-element-da64396 elementor-hidden-tablet elementor-section-boxed elementor-section-height-default elementor-section-height-default\" data-id=\"da64396\" data-element_type=\"section\" data-e-type=\"section\" data-settings=\"{&quot;background_background&quot;:&quot;classic&quot;}\">\n\t\t\t\t\t\t<div class=\"elementor-container elementor-column-gap-default\">\n\t\t\t\t\t<div class=\"elementor-column elementor-col-33 elementor-inner-column elementor-element elementor-element-8f2093f\" data-id=\"8f2093f\" data-element_type=\"column\" data-e-type=\"column\">\n\t\t\t<div class=\"elementor-widget-wrap elementor-element-populated\">\n\t\t\t\t\t\t<div class=\"elementor-element elementor-element-4cb2ae3 elementor-position-top elementor-widget elementor-widget-image-box\" data-id=\"4cb2ae3\" data-element_type=\"widget\" data-e-type=\"widget\" data-widget_type=\"image-box.default\">\n\t\t\t\t<div class=\"elementor-widget-container\">\n\t\t\t\t\t<div class=\"elementor-image-box-wrapper\"><figure class=\"elementor-image-box-img\"><img loading=\"lazy\" decoding=\"async\" width=\"590\" height=\"836\" src=\"https:\/\/igualdad.cepymearagon.es\/wp-content\/uploads\/cursos_IGUALDAD2.jpg\" class=\"attachment-medium_large size-medium_large wp-image-3470\" alt=\"\" srcset=\"https:\/\/igualdad.cepymearagon.es\/wp-content\/uploads\/cursos_IGUALDAD2.jpg 590w, https:\/\/igualdad.cepymearagon.es\/wp-content\/uploads\/cursos_IGUALDAD2-212x300.jpg 212w, https:\/\/igualdad.cepymearagon.es\/wp-content\/uploads\/cursos_IGUALDAD2-100x141.jpg 100w, https:\/\/igualdad.cepymearagon.es\/wp-content\/uploads\/cursos_IGUALDAD2-71x100.jpg 71w\" sizes=\"(max-width: 590px) 100vw, 590px\" \/><\/figure><div class=\"elementor-image-box-content\"><h3 class=\"elementor-image-box-title\">ON LINE \u00b7 8 HORAS<\/h3><p class=\"elementor-image-box-description\">El objetivo pedag\u00f3gico de este curso es capacitar, concienciar y sensibilizar a todas las personas trabajadoras en los conocimientos b\u00e1sicos m\u00ednimos que deben tener en materia de igualdad.<\/p><\/div><\/div>\t\t\t\t<\/div>\n\t\t\t\t<\/div>\n\t\t\t\t<div class=\"elementor-element elementor-element-6cf458c elementor-align-center elementor-widget elementor-widget-button\" data-id=\"6cf458c\" data-element_type=\"widget\" data-e-type=\"widget\" data-widget_type=\"button.default\">\n\t\t\t\t<div class=\"elementor-widget-container\">\n\t\t\t\t\t\t\t\t\t<div class=\"elementor-button-wrapper\">\n\t\t\t\t\t<a class=\"elementor-button elementor-button-link elementor-size-sm\" href=\"https:\/\/igualdad.cepymearagon.es\/?page_id=2166\">\n\t\t\t\t\t\t<span class=\"elementor-button-content-wrapper\">\n\t\t\t\t\t\t\t\t\t<span class=\"elementor-button-text\">Acceder al curso<\/span>\n\t\t\t\t\t<\/span>\n\t\t\t\t\t<\/a>\n\t\t\t\t<\/div>\n\t\t\t\t\t\t\t\t<\/div>\n\t\t\t\t<\/div>\n\t\t\t\t\t<\/div>\n\t\t<\/div>\n\t\t\t\t<div class=\"elementor-column elementor-col-33 elementor-inner-column elementor-element elementor-element-ef58630\" data-id=\"ef58630\" data-element_type=\"column\" data-e-type=\"column\">\n\t\t\t<div class=\"elementor-widget-wrap elementor-element-populated\">\n\t\t\t\t\t\t<div class=\"elementor-element elementor-element-f5cf65f elementor-position-top elementor-widget elementor-widget-image-box\" data-id=\"f5cf65f\" data-element_type=\"widget\" data-e-type=\"widget\" data-widget_type=\"image-box.default\">\n\t\t\t\t<div class=\"elementor-widget-container\">\n\t\t\t\t\t<div class=\"elementor-image-box-wrapper\"><figure class=\"elementor-image-box-img\"><img loading=\"lazy\" decoding=\"async\" width=\"594\" height=\"840\" src=\"https:\/\/igualdad.cepymearagon.es\/wp-content\/uploads\/C21_Portada2-1.jpg\" class=\"attachment-medium_large size-medium_large wp-image-3469\" alt=\"\" srcset=\"https:\/\/igualdad.cepymearagon.es\/wp-content\/uploads\/C21_Portada2-1.jpg 594w, https:\/\/igualdad.cepymearagon.es\/wp-content\/uploads\/C21_Portada2-1-212x300.jpg 212w, https:\/\/igualdad.cepymearagon.es\/wp-content\/uploads\/C21_Portada2-1-100x141.jpg 100w, https:\/\/igualdad.cepymearagon.es\/wp-content\/uploads\/C21_Portada2-1-71x100.jpg 71w\" sizes=\"(max-width: 594px) 100vw, 594px\" \/><\/figure><div class=\"elementor-image-box-content\"><h3 class=\"elementor-image-box-title\">ON LINE \u00b7 8 HORAS<\/h3><p class=\"elementor-image-box-description\">El objetivo pedag\u00f3gico de este curso es acercar a profesionales y usuarios el concepto de igualdad laboral, as\u00ed como a las pautas a seguir para lograr una correcta implantaci\u00f3n de un Plan de Igualdad en las empresas.<\/p><\/div><\/div>\t\t\t\t<\/div>\n\t\t\t\t<\/div>\n\t\t\t\t<div class=\"elementor-element elementor-element-364c384 elementor-align-center elementor-widget elementor-widget-button\" data-id=\"364c384\" data-element_type=\"widget\" data-e-type=\"widget\" data-widget_type=\"button.default\">\n\t\t\t\t<div class=\"elementor-widget-container\">\n\t\t\t\t\t\t\t\t\t<div class=\"elementor-button-wrapper\">\n\t\t\t\t\t<a class=\"elementor-button elementor-button-link elementor-size-sm\" href=\"https:\/\/igualdad.cepymearagon.es\/?page_id=1676\">\n\t\t\t\t\t\t<span class=\"elementor-button-content-wrapper\">\n\t\t\t\t\t\t\t\t\t<span class=\"elementor-button-text\">Acceder al curso<\/span>\n\t\t\t\t\t<\/span>\n\t\t\t\t\t<\/a>\n\t\t\t\t<\/div>\n\t\t\t\t\t\t\t\t<\/div>\n\t\t\t\t<\/div>\n\t\t\t\t\t<\/div>\n\t\t<\/div>\n\t\t\t\t<div class=\"elementor-column elementor-col-33 elementor-inner-column elementor-element elementor-element-9718551\" data-id=\"9718551\" data-element_type=\"column\" data-e-type=\"column\">\n\t\t\t<div class=\"elementor-widget-wrap elementor-element-populated\">\n\t\t\t\t\t\t<div class=\"elementor-element elementor-element-c69ab72 elementor-position-top elementor-widget elementor-widget-image-box\" data-id=\"c69ab72\" data-element_type=\"widget\" data-e-type=\"widget\" data-widget_type=\"image-box.default\">\n\t\t\t\t<div class=\"elementor-widget-container\">\n\t\t\t\t\t<div class=\"elementor-image-box-wrapper\"><figure class=\"elementor-image-box-img\"><img loading=\"lazy\" decoding=\"async\" width=\"590\" height=\"838\" src=\"https:\/\/igualdad.cepymearagon.es\/wp-content\/uploads\/Portada-curso-protocolo-acoso.jpg\" class=\"attachment-medium_large size-medium_large wp-image-1020\" alt=\"\" srcset=\"https:\/\/igualdad.cepymearagon.es\/wp-content\/uploads\/Portada-curso-protocolo-acoso.jpg 590w, https:\/\/igualdad.cepymearagon.es\/wp-content\/uploads\/Portada-curso-protocolo-acoso-211x300.jpg 211w, https:\/\/igualdad.cepymearagon.es\/wp-content\/uploads\/Portada-curso-protocolo-acoso-70x100.jpg 70w\" sizes=\"(max-width: 590px) 100vw, 590px\" \/><\/figure><div class=\"elementor-image-box-content\"><h3 class=\"elementor-image-box-title\">CONTENIDO ACTUALIZADO<\/h3><p class=\"elementor-image-box-description\">El objetivo pedag\u00f3gico de este curso es dotar al alumnado de las herramientas necesarias para conocer la metodolog\u00eda a seguir en la elaboraci\u00f3n de protocolos de actuaci\u00f3n frente al acoso sexual y al acoso por raz\u00f3n de sexo.<\/p><\/div><\/div>\t\t\t\t<\/div>\n\t\t\t\t<\/div>\n\t\t\t\t\t<\/div>\n\t\t<\/div>\n\t\t\t\t\t<\/div>\n\t\t<\/section>\n\t\t\t\t<\/div>\n\t\t","protected":false},"excerpt":{"rendered":"<p>CEPYME Arag\u00f3n, con la financiaci\u00f3n del Gobierno de Arag\u00f3n, pone a su disposici\u00f3n una serie de acciones formativas en materia de igualdad. Estos cursos de formaci\u00f3n pretenden ser un elemento de apoyo para las empresas a la hora de abordar las obligaciones normativas en materia de igualdad as\u00ed como para las personas trabajadoras que deseen [&hellip;]<\/p>\n","protected":false},"author":1,"featured_media":3450,"parent":0,"menu_order":0,"comment_status":"closed","ping_status":"closed","template":"","meta":{"footnotes":""},"class_list":["post-3452","page","type-page","status-publish","has-post-thumbnail","hentry"],"jetpack_sharing_enabled":true,"jetpack_shortlink":"https:\/\/wp.me\/P7ISwz-TG","post_mailing_queue_ids":[],"_links":{"self":[{"href":"https:\/\/igualdad.cepymearagon.es\/index.php?rest_route=\/wp\/v2\/pages\/3452","targetHints":{"allow":["GET"]}}],"collection":[{"href":"https:\/\/igualdad.cepymearagon.es\/index.php?rest_route=\/wp\/v2\/pages"}],"about":[{"href":"https:\/\/igualdad.cepymearagon.es\/index.php?rest_route=\/wp\/v2\/types\/page"}],"author":[{"embeddable":true,"href":"https:\/\/igualdad.cepymearagon.es\/index.php?rest_route=\/wp\/v2\/users\/1"}],"replies":[{"embeddable":true,"href":"https:\/\/igualdad.cepymearagon.es\/index.php?rest_route=%2Fwp%2Fv2%2Fcomments&post=3452"}],"version-history":[{"count":36,"href":"https:\/\/igualdad.cepymearagon.es\/index.php?rest_route=\/wp\/v2\/pages\/3452\/revisions"}],"predecessor-version":[{"id":4275,"href":"https:\/\/igualdad.cepymearagon.es\/index.php?rest_route=\/wp\/v2\/pages\/3452\/revisions\/4275"}],"wp:featuredmedia":[{"embeddable":true,"href":"https:\/\/igualdad.cepymearagon.es\/index.php?rest_route=\/wp\/v2\/media\/3450"}],"wp:attachment":[{"href":"https:\/\/igualdad.cepymearagon.es\/index.php?rest_route=%2Fwp%2Fv2%2Fmedia&parent=3452"}],"curies":[{"name":"wp","href":"https:\/\/api.w.org\/{rel}","templated":true}]}}