{"id":358,"date":"2017-09-11T09:16:07","date_gmt":"2017-09-11T09:16:07","guid":{"rendered":"http:\/\/igualdad.cepymearagon.es\/?page_id=358"},"modified":"2022-07-12T14:20:33","modified_gmt":"2022-07-12T12:20:33","slug":"consultas","status":"publish","type":"page","link":"https:\/\/igualdad.cepymearagon.es\/?page_id=358","title":{"rendered":"Consultas&#8230;"},"content":{"rendered":"<h4>Servicio de asesoramiento gratuito sobre planes y medidas de igualdad de CEPYME Arag\u00f3n con la financiaci\u00f3n del Gobierno de Arag\u00f3n<\/h4>\n<h4>Puede realizar su consulta por cualquiera de estas v\u00edas:<\/h4>\n<ol>\n<li>\n<h4>Llamando por<strong> tel\u00e9fono al 976 76 60 60<\/strong>.-<\/h4>\n<\/li>\n<li>\n<h4>Enviando un <strong>e-mail a <a href=\"mailto:igualdad@cepymearagon.es\">igualdad@cepymearagon.es<\/a><\/strong>.-<\/h4>\n<\/li>\n<li>\n<h4>Rellenando el siguiente<strong> formulario de contacto<\/strong>:<\/h4>\n<\/li>\n<\/ol>\n<div data-test='contact-form'\n\t\t\tid='contact-form-358'\n\t\t\tclass='jetpack-contact-form-container '\n\t\t\tdata-wp-interactive='jetpack\/form' data-wp-context='{\"formId\":\"358\",\"formHash\":\"58ae59e0291fa3fabc87b1fe3565a0576ed321f6\",\"showErrors\":false,\"errors\":[],\"fields\":[],\"isMultiStep\":false,\"useAjax\":true,\"submissionData\":null,\"formattedSubmissionData\":[],\"submissionSuccess\":false,\"submissionError\":null,\"elementId\":\"jp-form-58ae59e0291fa3fabc87b1fe3565a0576ed321f6\",\"isSingleInputForm\":false,\"isForcedHorizontal\":false}'\n\t\t\tdata-wp-watch--scroll-to-wrapper=\"callbacks.scrollToWrapper\"\n\t\t>\n<div class=\"contact-form-submission contact-form-ajax-submission\" data-wp-bind--aria-hidden=\"state.isSuccessMessageAriaHidden\" data-wp-class--submission-success=\"context.submissionSuccess\" id=\"contact-form-success-58ae59e0291fa3fabc87b1fe3565a0576ed321f6\" tabindex=\"-1\" aria-labelledby=\"contact-form-success-header-58ae59e0291fa3fabc87b1fe3565a0576ed321f6\"><p class=\"go-back-message\"><a class=\"link\" role=\"button\" tabindex=\"0\" data-wp-on--click=\"actions.goBack\" href=\"\/index.php?rest_route=%2Fwp%2Fv2%2Fpages%2F358\">\u2190 Volver<\/a><\/p><h4 data-wp-bind--aria-hidden=\"state.isSuccessMessageAriaHidden\" id=\"contact-form-success-header-58ae59e0291fa3fabc87b1fe3565a0576ed321f6\">Gracias por tu respuesta. \u2728<\/h4>\n\n<template data-wp-each--submission=\"context.formattedSubmissionData\">\n\t\t\t\t\t<div class=\"jetpack_forms_contact-form-success-summary\">\n\t\t\t\t\t\t<div class=\"field-name-wrapper\">\n\t\t\t\t\t\t\t<div class=\"field-type-icon\" data-wp-watch=\"callbacks.watchFieldTypeIcon\"><\/div>\n\t\t\t\t\t\t\t<div class=\"field-name\" data-wp-text=\"context.submission.label\" data-wp-bind--hidden=\"!context.submission.label\"><\/div>\n\t\t\t\t\t\t<\/div>\n\t\t\t\t\t\t<div class=\"field-value\" data-wp-text=\"context.submission.value\" data-wp-bind--hidden=\"!context.submission.showPlainValue\"><\/div>\n\t\t\t\t\t\t<a class=\"field-url\" data-wp-bind--href=\"context.submission.url\" data-wp-text=\"context.submission.value\" data-wp-bind--hidden=\"!context.submission.url\" target=\"_blank\" rel=\"noopener noreferrer\"><\/a>\n\t\t\t\t\t\t<div class=\"field-rating\" data-wp-bind--hidden=\"!context.submission.rating\" data-wp-watch=\"callbacks.watchRatingIcons\"><\/div>\n\t\t\t\t\t\t<div class=\"field-images\" data-wp-bind--hidden=\"!context.submission.images\">\n\t\t\t\t\t\t\t<template data-wp-each--image=\"context.submission.images\">\n\t\t\t\t\t\t\t\t<div class=\"field-image-option\" data-wp-class--is-empty=\"!context.image.src\">\n\t\t\t\t\t\t\t\t\t<figure class=\"field-image-option__image\" data-wp-class--is-empty=\"!context.image.src\">\n\t\t\t\t\t\t\t\t\t\t<img data-wp-bind--src=\"context.image.src\" data-wp-bind--hidden=\"!context.image.src\" \/>\n\t\t\t\t\t\t\t\t\t\t<img decoding=\"async\" src=\"data:image\/gif;base64,R0lGODlhAQABAAD\/ACwAAAAAAQABAAACADs=\" data-wp-bind--hidden=\"context.image.src\" \/>\n\t\t\t\t\t\t\t\t\t<\/figure>\n\t\t\t\t\t\t\t\t\t<div class=\"field-image-option__label-wrapper\">\n\t\t\t\t\t\t\t\t\t\t<span class=\"field-image-option__label-code\" data-wp-text=\"context.image.letterCode\"><\/span>\n\t\t\t\t\t\t\t\t\t\t<span class=\"field-image-option__label\" data-wp-text=\"context.image.label\" data-wp-bind--hidden=\"!context.image.label\"><\/span>\n\t\t\t\t\t\t\t\t\t<\/div>\n\t\t\t\t\t\t\t\t<\/div>\n\t\t\t\t\t\t\t<\/template>\n\t\t\t\t\t\t<\/div>\n\t\t\t\t\t\t<div class=\"field-files\" data-wp-bind--hidden=\"!context.submission.files\">\n\t\t\t\t\t\t\t<template data-wp-each--file=\"context.submission.files\">\n\t\t\t\t\t\t\t\t<div class=\"field-file\">\n\t\t\t\t\t\t\t\t\t<div class=\"field-file__thumbnail\" data-wp-style--background-image=\"context.file.previewUrl\" data-wp-style--mask-image=\"context.file.iconUrl\" data-wp-bind--hidden=\"!context.file.hasPreview\"><\/div>\n\t\t\t\t\t\t\t\t\t<svg class=\"field-file__icon\" data-wp-bind--hidden=\"context.file.hasPreview\" width=\"20\" height=\"20\" viewBox=\"0 0 24 24\" fill=\"none\" xmlns=\"http:\/\/www.w3.org\/2000\/svg\" aria-hidden=\"true\">\n\t\t\t\t\t\t\t\t\t\t<path d=\"M14 2H6C4.9 2 4 2.9 4 4V20C4 21.1 4.89 22 5.99 22H18C19.1 22 20 21.1 20 20V8L14 2ZM18 20H6V4H13V9H18V20Z\" fill=\"currentColor\"\/>\n\t\t\t\t\t\t\t\t\t<\/svg>\n\t\t\t\t\t\t\t\t\t<span class=\"field-file__name\" data-wp-text=\"context.file.name\"><\/span>\n\t\t\t\t\t\t\t\t\t<span class=\"field-file__size\" data-wp-text=\"context.file.size\"><\/span>\n\t\t\t\t\t\t\t\t<\/div>\n\t\t\t\t\t\t\t<\/template>\n\t\t\t\t\t\t<\/div>\n\t\t\t\t\t<\/div>\n\t\t\t\t<\/template><\/div><form action='https:\/\/igualdad.cepymearagon.es\/?page_id=358'\n\t\t\t\tid='jp-form-58ae59e0291fa3fabc87b1fe3565a0576ed321f6'\n\t\t\t\tmethod='post'\n\t\t\t\tclass='contact-form commentsblock jetpack-contact-form__form has-no-jetpack-form-layout' aria-label=\"Consultas...\"\n\t\t\t\tdata-wp-on--submit=\"actions.onFormSubmit\"\n\t\t\t\tdata-wp-on--reset=\"actions.onFormReset\"\n\t\t\t\tdata-wp-class--submission-success=\"context.submissionSuccess\"\n\t\t\t\tdata-wp-class--is-first-step=\"state.isFirstStep\"\n\t\t\t\tdata-wp-class--is-last-step=\"state.isLastStep\"\n\t\t\t\tdata-wp-class--is-ajax-form=\"context.useAjax\"\n\t\t\t\tnovalidate >\n<input type='hidden' name='jetpack_contact_form_jwt' value='eyJ0eXAiOiJKV1QiLCJhbGciOiJIUzI1NiJ9.eyJlbmNyeXB0ZWRfYXR0cmlidXRlcyI6ImpxeXkrbExHWXZhdE9pWTVVTDVFYXY3Q1ROSHNvRXJNdnI3ZlpWS3BwWENoTjMvNkQwdlBzTTFzcXlHRkdjS0RXZDh0WWU3d3hvNXhwanlRTXRBK2tTdE9LUWZhM1F0ZDVNOTN5dkdhVnVnT1UrUTFUMVE3cGluN2w5TTgweVdJb256NiswY1ZmTkdYN2sxZytsQzVpdi8wTXlUKzViTzhxRzU3TzVHRjJVcXBZdVVFRkNidnRDbTFxcGtQaVl6Nk5QVGtZWkFWTHVQK2dMRk1TUDB6Yi8yQ3NmKzY1aitaeWQyVDJPWnIzQ1BqWjk3MG9iY0gvWGdQUXZ3dHl6bnM2VlpwWGNTU0dGTE5RUWUxb2JpTjJudkdnWGI4djlUaFh6RVVIM21oanJHVk1jVE9XZjRzTEpTWXBFVkxnNWlsYUtRR0FnZms5WVBDbDFBcnpDTGwvbEdMMkZybkJSQU1WbVFsU2tnd2lRSzZPU3gxYkwrdzRPTU5nNGRpTVd2NWlBTHJOMk11KzY0NW1JK25pTnRSZXlMMGc2cGlSa3ViWnI2eHdRWloyNTZFa3NwYTYyWHRSL3ZQdkxEcWFmMlN6Tkc1a3czRTA1S1cwSlRVNmdjQU5kNW4wdURLQWJ5ZUk3Y0lpdEF2WU92RDNLZExIZ1BlUWlkK2ZyUzZSRzFyd3pKNi9wZGtjenZ5cmJxcTFVSUUzQU42dE5QbU5hS1ByTmVVSjVlTkJnM1JxTWdneDhIK0ZxeVNpRHVBL3RiemovdUoyWWFSQStVcTNpRHB5enloSHNINU9Vd1RjQjFyMVdKakdITnduQmNvVEYrWXd6ME9kYlNkVkFVdnkvRmw2c09sWEo0dHZVaG9WcC9PMjJuaklKQWFPYVVwOHUxREhZMUk1bmRKVUorWkw3ZTQ4UjdDcFJhZk95SXVmNVhJZVlSRWlFWjNjc0Y5RGp1VXo5Uk1XV2QvaytlZVBURWVQeGRIUjN2c2ZrSjUrQk9YS0lMTngzOTZ3RDMzVjhsY2podFlFQmUyRjgrZWtaVVY1bkUyZWtqYzlaSEZpdmdtaEhJU2NvL0dic3lzRjJUM2pVSnBUREk2TTNra3V6dkJ4MlQ1SDRRYzRwZkJ2aisyVkRFWmNkeDBBdGRFcFplSDhmWXNuRHNQSi9ueGJVTXUzOHdycXBja21pYXlyU0hnM0pKV05Ecm1McEdnL2NCalMyU3hIS2NqcXN0WTZRM3p3NWc9IiwiY29udGVudCI6IlxuPHRhYmxlPlxuPHRyPlxuPHRkPltjb250YWN0LWZpZWxkIGxhYmVsPSdOb21icmUnIHR5cGU9J25hbWUnIHJlcXVpcmVkPScxJy9dPC90ZD5cbjx0ZD5bY29udGFjdC1maWVsZCBsYWJlbD0nQ29ycmVvIGVsZWN0clx1MDBmM25pY28nIHR5cGU9J2VtYWlsJyByZXF1aXJlZD0nMScvXTwvdGQ-XG48L3RyPlxuPHRyPlxuPHRkIGNvbHNwYW49XCIyXCI-W2NvbnRhY3QtZmllbGQgbGFiZWw9J0NvbnN1bHRhJyB0eXBlPSd0ZXh0YXJlYScgcmVxdWlyZWQ9JzEnL108L3RkPlxuPC90cj5cbjx0cj5cbjx0ZCBjb2xzcGFuPVwiMlwiPlxuW2NvbnRhY3QtZmllbGQgbGFiZWw9J0xPUEQnIHR5cGU9J2NoZWNrYm94JyByZXF1aXJlZD0nMScvXSBFbiBjdW1wbGltaWVudG8gZGUgbGEgTE8gMTUvMTk5OSwgZGUgUHJvdGVjY2lcdTAwZjNuIGRlIERhdG9zIGRlIENhclx1MDBlMWN0ZXIgUGVyc29uYWwgeSBlbCBSRCAxNzIwLzIwMDcgZGUgZGVzYXJyb2xsbywgZWwgYWJham8gZmlybWFudGUsIHJlc3BvbmRpZW5kbyBkZSBsYSB2ZXJhY2lkYWQgZGUgbG9zIGRhdG9zIGZhY2lsaXRhZG9zIHZvbHVudGFyaWFtZW50ZSwgcmVjb25vY2UgaGFiZXIgc2lkbyBpbmZvcm1hZG8gcXVlIGxvcyBkYXRvcyBwZXJzb25hbGVzIHNvbiBpbmNvcnBvcmFkb3MgYSB1biBmaWNoZXJvIGF1dG9tYXRpemFkbyBkZSB0aXR1bGFyaWRhZCBkZSBDRVBZTUUgQVJBR09OIHkgYmFqbyBjdXN0b2RpYSBkZSBkaWNoYSBlbnRpZGFkLCBhIGxvcyBcdTAwZmFuaWNvcyBlZmVjdG9zIGRlIHByZXN0YXJsZSBlbCBzZXJ2aWNpbyBxdWUgbm9zIHNvbGljaXRhLCBhc1x1MDBlZCBjb21vIHBhcmEgaW5mb3JtYXJsZSBzb2JyZSBsb3MgbWlzbW9zLiBMb3MgZGF0b3MgZmFjaWxpdGFkb3Mgc2VyXHUwMGUxbiBpZ3VhbG1lbnRlIGNvbXVuaWNhZG9zIGEgbGEgQXNvY2lhY2lcdTAwZjNuIGVtcHJlc2FyaWFsIGluZGljYWRhIHBvciBlbCB1c3VhcmlvIGVuIGVsIHRyXHUwMGUxbWl0ZSBkZSByZWdpc3RybyBvIGFsdGEgYSBmaW4gZGUgcXVlIHZhbGlkZSBsYSBjZXJ0ZXphIHkgY29udGVuaWRvIGRlIHRhbCBpbmZvcm1hY2lcdTAwZjNuIHkgc3UgY29uZGljaVx1MDBmM24gZGUgYXNvY2lhZG8gYSBsYSBtaXNtYSwgdG9kbyBlbGxvIGNvbW8gcGFydGUgZGVsIHNlcnZpY2lvIGFxdVx1MDBlZCBzb2xpY2l0YWRvLjxiciAvPlxuRWwgYWx0YSBlbiBlbCBzZXJ2aWNpbyBpbXBsaWNhclx1MDBlMSBsYSBhcGFyaWNpXHUwMGYzbiBkZSBsYSBlbXByZXNhIHJlZ2lzdHJhZGEgZW4gZWwgRGlyZWN0b3JpbyBkZSBFbXByZXNhcywgZGUgYWNjZXNvIGdlbmVyYWwsIHF1ZSBmaWd1cmEgZW4gZXN0YSBwXHUwMGUxZ2luYSB3ZWIuQXNpbWlzbW8sIGVuIHJlbGFjaVx1MDBmM24gYSB0YWxlcyBkYXRvcyB5IGRlIGFjdWVyZG8gY29uIGxhIG5vcm1hdGl2YSBhbnRlcyBjaXRhZGEsIHNlIGRhIHBvciBlbnRlcmFkbyBkZSBsYSBwb3NpYmlsaWRhZCBkZSBlamVyY2l0YXIgbG9zIGRlcmVjaG9zIGRlIGFjY2VzbywgcmVjdGlmaWNhY2lcdTAwZjNuLCBjYW5jZWxhY2lcdTAwZjNuIHkgb3Bvc2ljaVx1MDBmM24sIHBhcmEgbG8gY3VhbCBwb2RyXHUwMGUxIGRpcmlnaXJzZSBhIGxhIGRpcmVjY2lcdTAwZjNuIGRlIEMvIFNhbnRhbmRlciwgMzYgXHUyMDEzIDJcdTAwYWEgcGxhbnRhICg1MDAxMCBcdTIwMTMgWmFyYWdvemEpIG8gYSBsYSBzaWd1aWVudGUgZGlyZWNjaVx1MDBmM24gZGUgY29ycmVvIGVsZWN0clx1MDBmM25pY28gYmFqYXNAY2VweW1lYXJhZ29uLmVzPC90cj5cbjwvdGFibGU-XG4iLCJoYXNoIjoiNThhZTU5ZTAyOTFmYTNmYWJjODdiMWZlMzU2NWEwNTc2ZWQzMjFmNiIsInNvdXJjZSI6eyJlbnRyeV90aXRsZSI6IkNvbnN1bHRhc1x1MjAyNiIsImVudHJ5X3BhZ2UiOjEsInNvdXJjZV9pZCI6MzU4LCJzb3VyY2VfdHlwZSI6InNpbmdsZSIsInJlcXVlc3RfdXJsIjoiaHR0cHM6Ly9pZ3VhbGRhZC5jZXB5bWVhcmFnb24uZXMifSwidmVyc2lvbiI6MiwiY2lwaGVyIjoiYWVzLTI1Ni1nY20ifQ.ZQNGoGRJZ4msNR9WWnY2XSTIcZmG_5wzbcpQG8PK2vE' \/>\n\n<table>\n<tr>\n<td>\n<div style=\"\"  data-wp-interactive=\"jetpack\/form\" data-wp-context='{\"fieldId\":\"g358-nombre\",\"fieldType\":\"name\",\"fieldLabel\":\"Nombre\",\"fieldValue\":\"\",\"fieldPlaceholder\":\"\",\"fieldIsRequired\":\"1\",\"fieldErrorMessage\":\"\",\"fieldExtra\":[],\"formHash\":\"58ae59e0291fa3fabc87b1fe3565a0576ed321f6\"}'  class='grunion-field-name-wrap grunion-field-wrap'  data-wp-init='callbacks.initializeField' data-wp-on--jetpack-form-reset='callbacks.initializeField' >\n<label\n\t\t\t\tfor='g358-nombre' class=\"grunion-field-label name\" >Nombre<span class=\"grunion-label-required\" aria-hidden=\"true\">(obligatorio)<\/span><\/label>\n<input\n\t\t\t\t\ttype='text'\n\t\t\t\t\tname='g358-nombre'\n\t\t\t\t\tid='g358-nombre'\n\t\t\t\t\tvalue=''\n\n\t\t\t\t\tdata-wp-bind--aria-invalid='state.fieldAriaInvalid'\n\t\t\t\t\tdata-wp-bind--value='state.getFieldValue'\n\t\t\t\t\taria-describedby='g358-nombre-text-error-message'\n\t\t\t\t\tdata-wp-on--input='actions.onFieldChange'\n\t\t\t\t\tdata-wp-on--blur='actions.onFieldBlur'\n\t\t\t\t\tdata-wp-class--has-value='state.hasFieldValue'\n\n\t\t\t\t\tclass='name  grunion-field' \n\t\t\t\t\trequired='true' aria-required='true'  \/>\n \n\t\t\t<div id=\"g358-nombre-text-error\" class=\"contact-form__input-error\" data-wp-class--has-errors=\"state.fieldHasErrors\">\n\t\t\t\t<span class=\"contact-form__warning-icon\" aria-hidden=\"true\">\n\t\t\t\t\t<svg width=\"16\" height=\"16\" viewBox=\"0 0 16 16\" fill=\"none\" xmlns=\"http:\/\/www.w3.org\/2000\/svg\">\n\t\t\t\t\t\t<path d=\"M8.50015 11.6402H7.50015V10.6402H8.50015V11.6402Z\" \/>\n\t\t\t\t\t\t<path d=\"M7.50015 9.64018H8.50015V6.30684H7.50015V9.64018Z\" \/>\n\t\t\t\t\t\t<path fill-rule=\"evenodd\" clip-rule=\"evenodd\" d=\"M6.98331 3.0947C7.42933 2.30177 8.57096 2.30177 9.01698 3.09469L13.8771 11.7349C14.3145 12.5126 13.7525 13.4735 12.8602 13.4735H3.14004C2.24774 13.4735 1.68575 12.5126 2.12321 11.7349L6.98331 3.0947ZM8.14541 3.58496C8.08169 3.47168 7.9186 3.47168 7.85488 3.58496L2.99478 12.2251C2.93229 12.3362 3.01257 12.4735 3.14004 12.4735H12.8602C12.9877 12.4735 13.068 12.3362 13.0055 12.2251L8.14541 3.58496Z\" \/>\n\t\t\t\t\t<\/svg>\n\t\t\t\t<\/span>\n\t\t\t\t<span data-wp-text=\"state.errorMessage\" id=\"g358-nombre-text-error-message\"><\/span>\n\t\t\t<\/div> \n\t<\/div>\n<\/td>\n<td>\n<div style=\"\"  data-wp-interactive=\"jetpack\/form\" data-wp-context='{\"fieldId\":\"g358-correoelectrnico\",\"fieldType\":\"email\",\"fieldLabel\":\"Correo electr\\u00f3nico\",\"fieldValue\":\"\",\"fieldPlaceholder\":\"\",\"fieldIsRequired\":\"1\",\"fieldErrorMessage\":\"\",\"fieldExtra\":[],\"formHash\":\"58ae59e0291fa3fabc87b1fe3565a0576ed321f6\"}'  class='grunion-field-email-wrap grunion-field-wrap'  data-wp-init='callbacks.initializeField' data-wp-on--jetpack-form-reset='callbacks.initializeField' >\n<label\n\t\t\t\tfor='g358-correoelectrnico' class=\"grunion-field-label email\" >Correo electr\u00f3nico<span class=\"grunion-label-required\" aria-hidden=\"true\">(obligatorio)<\/span><\/label>\n<input\n\t\t\t\t\ttype='email'\n\t\t\t\t\tname='g358-correoelectrnico'\n\t\t\t\t\tid='g358-correoelectrnico'\n\t\t\t\t\tvalue=''\n\n\t\t\t\t\tdata-wp-bind--aria-invalid='state.fieldAriaInvalid'\n\t\t\t\t\tdata-wp-bind--value='state.getFieldValue'\n\t\t\t\t\taria-describedby='g358-correoelectrnico-email-error-message'\n\t\t\t\t\tdata-wp-on--input='actions.onFieldChange'\n\t\t\t\t\tdata-wp-on--blur='actions.onFieldBlur'\n\t\t\t\t\tdata-wp-class--has-value='state.hasFieldValue'\n\n\t\t\t\t\tclass='email  grunion-field' \n\t\t\t\t\trequired='true' aria-required='true'  \/>\n \n\t\t\t<div id=\"g358-correoelectrnico-email-error\" class=\"contact-form__input-error\" data-wp-class--has-errors=\"state.fieldHasErrors\">\n\t\t\t\t<span class=\"contact-form__warning-icon\" aria-hidden=\"true\">\n\t\t\t\t\t<svg width=\"16\" height=\"16\" viewBox=\"0 0 16 16\" fill=\"none\" xmlns=\"http:\/\/www.w3.org\/2000\/svg\">\n\t\t\t\t\t\t<path d=\"M8.50015 11.6402H7.50015V10.6402H8.50015V11.6402Z\" \/>\n\t\t\t\t\t\t<path d=\"M7.50015 9.64018H8.50015V6.30684H7.50015V9.64018Z\" \/>\n\t\t\t\t\t\t<path fill-rule=\"evenodd\" clip-rule=\"evenodd\" d=\"M6.98331 3.0947C7.42933 2.30177 8.57096 2.30177 9.01698 3.09469L13.8771 11.7349C14.3145 12.5126 13.7525 13.4735 12.8602 13.4735H3.14004C2.24774 13.4735 1.68575 12.5126 2.12321 11.7349L6.98331 3.0947ZM8.14541 3.58496C8.08169 3.47168 7.9186 3.47168 7.85488 3.58496L2.99478 12.2251C2.93229 12.3362 3.01257 12.4735 3.14004 12.4735H12.8602C12.9877 12.4735 13.068 12.3362 13.0055 12.2251L8.14541 3.58496Z\" \/>\n\t\t\t\t\t<\/svg>\n\t\t\t\t<\/span>\n\t\t\t\t<span data-wp-text=\"state.errorMessage\" id=\"g358-correoelectrnico-email-error-message\"><\/span>\n\t\t\t<\/div> \n\t<\/div>\n<\/td>\n<\/tr>\n<tr>\n<td colspan=\"2\">\n<div style=\"\"  data-wp-interactive=\"jetpack\/form\" data-wp-context='{\"fieldId\":\"g358-consulta\",\"fieldType\":\"textarea\",\"fieldLabel\":\"Consulta\",\"fieldValue\":\"\",\"fieldPlaceholder\":\"\",\"fieldIsRequired\":\"1\",\"fieldErrorMessage\":\"\",\"fieldExtra\":[],\"formHash\":\"58ae59e0291fa3fabc87b1fe3565a0576ed321f6\"}'  class='grunion-field-textarea-wrap grunion-field-wrap'  data-wp-init='callbacks.initializeField' data-wp-on--jetpack-form-reset='callbacks.initializeField' >\n<label\n\t\t\t\tfor='contact-form-comment-g358-consulta' class=\"grunion-field-label textarea\" >Consulta<span class=\"grunion-label-required\" aria-hidden=\"true\">(obligatorio)<\/span><\/label>\n<textarea\n\t\t                style=''\n\t\t                name='g358-consulta'\n\t\t                id='contact-form-comment-g358-consulta'\n\t\t                rows='20'\n\t\t\t\t\t\tdata-wp-text='state.getFieldValue'\n\t\t\t\t\t\tdata-wp-on--input='actions.onFieldChange'\n\t\t\t\t\t\tdata-wp-on--blur='actions.onFieldBlur'\n\t\t\t\t\t\tdata-wp-class--has-value='state.hasFieldValue'\n\t\t\t\t\t\taria-describedby='g358-consulta-textarea-error-message'\n\t\t\t\t\t\tdata-wp-bind--aria-invalid='state.fieldAriaInvalid'\n\t\t\t\t\t\tclass='textarea  grunion-field'  required aria-required='true'><\/textarea>\n \n\t\t\t<div id=\"g358-consulta-textarea-error\" class=\"contact-form__input-error\" data-wp-class--has-errors=\"state.fieldHasErrors\">\n\t\t\t\t<span class=\"contact-form__warning-icon\" aria-hidden=\"true\">\n\t\t\t\t\t<svg width=\"16\" height=\"16\" viewBox=\"0 0 16 16\" fill=\"none\" xmlns=\"http:\/\/www.w3.org\/2000\/svg\">\n\t\t\t\t\t\t<path d=\"M8.50015 11.6402H7.50015V10.6402H8.50015V11.6402Z\" \/>\n\t\t\t\t\t\t<path d=\"M7.50015 9.64018H8.50015V6.30684H7.50015V9.64018Z\" \/>\n\t\t\t\t\t\t<path fill-rule=\"evenodd\" clip-rule=\"evenodd\" d=\"M6.98331 3.0947C7.42933 2.30177 8.57096 2.30177 9.01698 3.09469L13.8771 11.7349C14.3145 12.5126 13.7525 13.4735 12.8602 13.4735H3.14004C2.24774 13.4735 1.68575 12.5126 2.12321 11.7349L6.98331 3.0947ZM8.14541 3.58496C8.08169 3.47168 7.9186 3.47168 7.85488 3.58496L2.99478 12.2251C2.93229 12.3362 3.01257 12.4735 3.14004 12.4735H12.8602C12.9877 12.4735 13.068 12.3362 13.0055 12.2251L8.14541 3.58496Z\" \/>\n\t\t\t\t\t<\/svg>\n\t\t\t\t<\/span>\n\t\t\t\t<span data-wp-text=\"state.errorMessage\" id=\"g358-consulta-textarea-error-message\"><\/span>\n\t\t\t<\/div>\n\t<\/div>\n<\/td>\n<\/tr>\n<tr>\n<td colspan=\"2\">\n\n<div style=\"\"  data-wp-interactive=\"jetpack\/form\" data-wp-context='{\"fieldId\":\"g358-lopd\",\"fieldType\":\"checkbox\",\"fieldLabel\":\"LOPD\",\"fieldValue\":\"\",\"fieldPlaceholder\":\"\",\"fieldIsRequired\":\"1\",\"fieldErrorMessage\":\"\",\"fieldExtra\":[],\"formHash\":\"58ae59e0291fa3fabc87b1fe3565a0576ed321f6\"}'  class='grunion-field-checkbox-wrap grunion-field-wrap'  data-wp-init='callbacks.initializeField' data-wp-on--jetpack-form-reset='callbacks.initializeField' >\n<div class='contact-form__checkbox-wrap' style='' ><input id='g358-lopd' type='checkbox' data-wp-on--change='actions.onFieldChange' name='g358-lopd' value='S\u00ed' class='checkbox  grunion-field'  required aria-required='true'\/> \n<label for='g358-lopd' class='grunion-field-label checkbox' style=''>LOPD<span class=\"grunion-label-required\" aria-hidden=\"true\">(obligatorio)<\/span><\/label>\n<div class='clear-form'><\/div>\n<\/div>\n\t\t\t<div id=\"g358-lopd-checkbox-error\" class=\"contact-form__input-error\" data-wp-class--has-errors=\"state.fieldHasErrors\">\n\t\t\t\t<span class=\"contact-form__warning-icon\" aria-hidden=\"true\">\n\t\t\t\t\t<svg width=\"16\" height=\"16\" viewBox=\"0 0 16 16\" fill=\"none\" xmlns=\"http:\/\/www.w3.org\/2000\/svg\">\n\t\t\t\t\t\t<path d=\"M8.50015 11.6402H7.50015V10.6402H8.50015V11.6402Z\" \/>\n\t\t\t\t\t\t<path d=\"M7.50015 9.64018H8.50015V6.30684H7.50015V9.64018Z\" \/>\n\t\t\t\t\t\t<path fill-rule=\"evenodd\" clip-rule=\"evenodd\" d=\"M6.98331 3.0947C7.42933 2.30177 8.57096 2.30177 9.01698 3.09469L13.8771 11.7349C14.3145 12.5126 13.7525 13.4735 12.8602 13.4735H3.14004C2.24774 13.4735 1.68575 12.5126 2.12321 11.7349L6.98331 3.0947ZM8.14541 3.58496C8.08169 3.47168 7.9186 3.47168 7.85488 3.58496L2.99478 12.2251C2.93229 12.3362 3.01257 12.4735 3.14004 12.4735H12.8602C12.9877 12.4735 13.068 12.3362 13.0055 12.2251L8.14541 3.58496Z\" \/>\n\t\t\t\t\t<\/svg>\n\t\t\t\t<\/span>\n\t\t\t\t<span data-wp-text=\"state.errorMessage\" id=\"g358-lopd-checkbox-error-message\"><\/span>\n\t\t\t<\/div>\t<\/div>\n En cumplimiento de la LO 15\/1999, de Protecci\u00f3n de Datos de Car\u00e1cter Personal y el RD 1720\/2007 de desarrollo, el abajo firmante, respondiendo de la veracidad de los datos facilitados voluntariamente, reconoce haber sido informado que los datos personales son incorporados a un fichero automatizado de titularidad de CEPYME ARAGON y bajo custodia de dicha entidad, a los \u00fanicos efectos de prestarle el servicio que nos solicita, as\u00ed como para informarle sobre los mismos. Los datos facilitados ser\u00e1n igualmente comunicados a la Asociaci\u00f3n empresarial indicada por el usuario en el tr\u00e1mite de registro o alta a fin de que valide la certeza y contenido de tal informaci\u00f3n y su condici\u00f3n de asociado a la misma, todo ello como parte del servicio aqu\u00ed solicitado.<br \/>\nEl alta en el servicio implicar\u00e1 la aparici\u00f3n de la empresa registrada en el Directorio de Empresas, de acceso general, que figura en esta p\u00e1gina web.Asimismo, en relaci\u00f3n a tales datos y de acuerdo con la normativa antes citada, se da por enterado de la posibilidad de ejercitar los derechos de acceso, rectificaci\u00f3n, cancelaci\u00f3n y oposici\u00f3n, para lo cual podr\u00e1 dirigirse a la direcci\u00f3n de C\/ Santander, 36 \u2013 2\u00aa planta (50010 \u2013 Zaragoza) o a la siguiente direcci\u00f3n de correo electr\u00f3nico bajas@cepymearagon.es<\/tr>\n<\/table>\n\t<p class='contact-submit'>\n<div class=\"contact-form__error\" data-wp-class--show-errors=\"state.showFormErrors\"><span class=\"contact-form__warning-icon\" aria-hidden=\"true\"><i><\/i><\/span><span class=\"contact-form__error-message\" tabindex=\"-1\" data-wp-watch=\"callbacks.focusOnValidationError\" data-wp-text=\"state.getFormErrorMessage\"><\/span><ul aria-label=\"Errores del formulario\">\n\t\t\t\t<template data-wp-each=\"state.getErrorList\" data-wp-key=\"context.item.id\">\n\t\t\t\t\t<li><a data-wp-bind--href=\"context.item.anchor\" data-wp-on--click=\"actions.scrollIntoView\" data-wp-text=\"context.item.label\"><\/a><\/li>\n\t\t\t\t<\/template>\n\t\t\t\t<\/ul><\/div><div class=\"contact-form__error\" data-wp-class--show-errors=\"state.showSubmissionError\" data-wp-text=\"context.submissionError\" tabindex=\"-1\" data-wp-watch=\"callbacks.focusOnSubmissionError\"><\/div>\t\t<button type='submit' class='pushbutton-wide'>Enviar<\/button>\t\t<input type='hidden' name='contact-form-id' value='358' \/>\n\t\t<input type='hidden' name='action' value='grunion-contact-form' \/>\n\t\t<input type='hidden' name='contact-form-hash' value='58ae59e0291fa3fabc87b1fe3565a0576ed321f6' \/>\n\t<\/p>\n<p style=\"display: none !important;\" class=\"akismet-fields-container\" data-prefix=\"ak_\"><label>&#916;<textarea name=\"ak_hp_textarea\" cols=\"45\" rows=\"8\" maxlength=\"100\"><\/textarea><\/label><input type=\"hidden\" id=\"ak_js_1\" name=\"ak_js\" value=\"203\"\/><script>\ndocument.getElementById( \"ak_js_1\" ).setAttribute( \"value\", ( new Date() ).getTime() );\n<\/script>\n<\/p><\/form>\n<\/div>\n","protected":false},"excerpt":{"rendered":"<p>Servicio de asesoramiento gratuito sobre planes y medidas de igualdad de CEPYME Arag\u00f3n con la financiaci\u00f3n del Gobierno de Arag\u00f3n Puede realizar su consulta por cualquiera de estas v\u00edas: Llamando por tel\u00e9fono al 976 76 60 60.- Enviando un e-mail a igualdad@cepymearagon.es.- Rellenando el siguiente formulario de contacto:<\/p>\n","protected":false},"author":1,"featured_media":0,"parent":0,"menu_order":0,"comment_status":"closed","ping_status":"closed","template":"","meta":{"footnotes":""},"class_list":["post-358","page","type-page","status-publish","hentry"],"jetpack_sharing_enabled":true,"jetpack_shortlink":"https:\/\/wp.me\/P7ISwz-5M","post_mailing_queue_ids":[],"_links":{"self":[{"href":"https:\/\/igualdad.cepymearagon.es\/index.php?rest_route=\/wp\/v2\/pages\/358","targetHints":{"allow":["GET"]}}],"collection":[{"href":"https:\/\/igualdad.cepymearagon.es\/index.php?rest_route=\/wp\/v2\/pages"}],"about":[{"href":"https:\/\/igualdad.cepymearagon.es\/index.php?rest_route=\/wp\/v2\/types\/page"}],"author":[{"embeddable":true,"href":"https:\/\/igualdad.cepymearagon.es\/index.php?rest_route=\/wp\/v2\/users\/1"}],"replies":[{"embeddable":true,"href":"https:\/\/igualdad.cepymearagon.es\/index.php?rest_route=%2Fwp%2Fv2%2Fcomments&post=358"}],"version-history":[{"count":12,"href":"https:\/\/igualdad.cepymearagon.es\/index.php?rest_route=\/wp\/v2\/pages\/358\/revisions"}],"predecessor-version":[{"id":1954,"href":"https:\/\/igualdad.cepymearagon.es\/index.php?rest_route=\/wp\/v2\/pages\/358\/revisions\/1954"}],"wp:attachment":[{"href":"https:\/\/igualdad.cepymearagon.es\/index.php?rest_route=%2Fwp%2Fv2%2Fmedia&parent=358"}],"curies":[{"name":"wp","href":"https:\/\/api.w.org\/{rel}","templated":true}]}}