{"id":620,"date":"2019-11-13T09:32:09","date_gmt":"2019-11-13T09:32:09","guid":{"rendered":"http:\/\/igualdad.cepymearagon.es\/?page_id=620"},"modified":"2020-01-03T11:50:27","modified_gmt":"2020-01-03T11:50:27","slug":"registro-del-curso","status":"publish","type":"page","link":"https:\/\/igualdad.cepymearagon.es\/?page_id=620","title":{"rendered":"CURSO \u00abIGUALDAD LABORAL EN LA EMPRESA\u00bb"},"content":{"rendered":"<p style=\"text-align: justify;\">Va a acceder al curso <strong>\u201cIgualdad Laboral en la empresa. Conceptos b\u00e1sicos y planes de igualdad\u201d<\/strong>&nbsp;financiado por el Gobierno de Arag\u00f3n.<\/p>\n<p style=\"text-align: justify;\">El objetivo pedag\u00f3gico de este curso es dotar al alumnado de las herramientas necesarias para conocer la metodolog\u00eda a seguir en la elaboraci\u00f3n de un plan de igualdad, as\u00ed como realizar una aproximaci\u00f3n a determinados conceptos b\u00e1sicos sobre igualdad en el \u00e1mbito laboral.<\/p>\n<p>Le recomendamos que lea el <span style=\"color: #333399;\"><strong><a style=\"color: #333399;\" href=\"https:\/\/igualdad.cepymearagon.es\/wp-content\/uploads\/Manual-del-alumnado.pdf\">Manual del alumnado<\/a>&nbsp;<\/strong><\/span>antes de comenzar el curso.<\/p>\n<table width=\"100%\">\n<tbody>\n<tr>\n<td bgcolor=\"#eaeaea\">\n<h3 style=\"text-align: left;\"><\/h3>\n<h3 style=\"text-align: center;\"><strong>Identif\u00edquese<\/strong> como alumno iniciando sesi\u00f3n,<br \/>\no <strong>solicite su registro<\/strong> en el curso para continuar<\/h3>\n<\/td>\n<\/tr>\n<\/tbody>\n<\/table>\n<table width=\"100%\">\n<tbody>\n<tr>\n<td align=\"right\">\n<h3 style=\"text-align: center;\">INICIO DE SESI\u00d3N<\/h3>\n<h3 style=\"text-align: center;\"><b><div id=\"wppb-login-wrap\" class=\"wppb-user-forms\">\n\t\t<form name=\"wppb-loginform\" id=\"wppb-loginform\" class=\"\" action=\"https:\/\/igualdad.cepymearagon.es\/index.php?rest_route=%2Fwp%2Fv2%2Fpages%2F620\" method=\"post\">\n\t\t\t\n\t\t\t<p class=\"wppb-form-field login-username\">\n\t\t\t\t<label for=\"wppb_user_login\">Email<\/label>\n\t\t\t\t<input type=\"email\" name=\"log\" id=\"wppb_user_login\" class=\"input\" value=\"\" size=\"20\" \/>\n\t\t\t<\/p>\n\t\t\t<p class=\"wppb-form-field login-password\">\n\t\t\t\t<label for=\"wppb_user_pass\">Password<\/label>\n\t\t\t\t<span class=\"wppb-password-field-container\">\n\t\t\t\t    <input type=\"password\" name=\"pwd\" id=\"wppb_user_pass\" class=\"input\" value=\"\" size=\"20\" \/>\n\t\t\t\t     <!-- add the HTML for the visibility toggle -->\n\t\t\t\t<\/span>\n            <\/p>\n\t\t\t\n\t\t\t\n\t\t\t<p class=\"wppb-form-field login-remember\"><input name=\"rememberme\" type=\"checkbox\" id=\"rememberme\" value=\"forever\" \/><label for=\"rememberme\">Remember Me<\/label><\/p>\n\t\t\t<p class=\"login-submit form-submit\">\n\t\t\t\t<input type=\"submit\" name=\"wp-submit\" id=\"wppb-submit\" class=\"button button-primary\" value=\"Log In\"\" \/>\n\t\t\t\t<input type=\"hidden\" name=\"redirect_to\" value=\"https:\/\/igualdad.cepymearagon.es\/index.php?rest_route=%2Fwp%2Fv2%2Fpages%2F620\" \/>\n\t\t\t<\/p>\n\t\t\t<input type=\"hidden\" name=\"wppb_login\" value=\"true\"\/>\n\t\t\t<input type=\"hidden\" name=\"wppb_form_location\" value=\"widget\"\/>\n\t\t\t<input type=\"hidden\" name=\"wppb_request_url\" value=\"https:\/\/igualdad.cepymearagon.es\/index.php?rest_route=%2Fwp%2Fv2%2Fpages%2F620\"\/>\n\t\t\t<input type=\"hidden\" name=\"wppb_lostpassword_url\" value=\"\"\/>\n\t\t\t<input type=\"hidden\" name=\"wppb_redirect_priority\" value=\"\"\/>\n\t\t\t<input type=\"hidden\" name=\"wppb_referer_url\" value=\"\"\/>\n\t\t\t<input type=\"hidden\" id=\"CSRFToken-wppb\" name=\"CSRFToken-wppb\" value=\"b3714b567d\" \/><input type=\"hidden\" name=\"_wp_http_referer\" value=\"\/index.php?rest_route=%2Fwp%2Fv2%2Fpages%2F620\" \/>\n\t\t\t<input type=\"hidden\" name=\"wppb_redirect_check\" value=\"true\"\/>\n\t\t\t\n\t\t<\/form><script>window.onload = function() { jQuery(document).ready(function($) { $(\"input[name=\\\"log\\\"]\").on(\"keyup\", function() { $(this).val( $.trim($(this).val()) ); }); }); }<\/script><\/div><\/b><\/h3>\n<\/td>\n<\/tr>\n<\/tbody>\n<\/table>\n<p style=\"text-align: center;\">\n<hr>\n<p style=\"text-align: center;\"><a class=\"fasc-button fasc-size-xlarge fasc-type-glossy fasc-rounded-medium\" style=\"background-color: #144733; color: #ffffff;\" href=\"https:\/\/igualdad.cepymearagon.es\/?page_id=670\">Solicitar Inscripci\u00f3n en el Curso<\/a><\/p>\n<p style=\"text-align: center;\">\n<p><strong>DATOS DE CAR\u00c1CTER PERSONAL<br \/>\n<\/strong><strong>RESPONSABLE:<\/strong>&nbsp;CEPYME Arag\u00f3n.<br \/>\n&nbsp;&nbsp;&nbsp;&nbsp;&nbsp;Direcci\u00f3n postal: Pza Roma, F1 oficinas, 2\u00aa planta (50010 \u2013 ZARAGOZA).<br \/>\n&nbsp;&nbsp;&nbsp;&nbsp;&nbsp;Tel\u00e9fono: 976766060.<br \/>\n&nbsp;&nbsp;&nbsp;&nbsp;&nbsp;Correo electr\u00f3nico:&nbsp;<a class=\"textosmini\" href=\"mailto:cepyme@cepymearagon.es\">cepyme@cepymearagon.es<br \/>\n<\/a><strong>En nombre CEPYME Arag\u00f3n tratamos la informaci\u00f3n que nos facilita con el fin de prestarles el servicio solicitado e informarles sobre el mismo y realizar, en su caso, la facturaci\u00f3n. Los datos proporcionados se conservar\u00e1n mientras se mantenga la relaci\u00f3n de servicio o comercial, o durante los a\u00f1os necesarios para cumplir con las obligaciones legales. Los datos no se ceder\u00e1n a terceros salvo en los casos en que exista una obligaci\u00f3n legal. Usted tiene derecho a obtener confirmaci\u00f3n sobre si en CEPYME Arag\u00f3n estamos tratando sus datos personales, por tanto tiene derecho a acceder a sus datos personales, rectificar los datos inexactos o solicitar su supresi\u00f3n cuando los datos ya no sean necesarios.<br \/>\n<\/strong><strong>DERECHOS:<\/strong>&nbsp;Puede ejercer su derecho de acceso, rectificaci\u00f3n, supresi\u00f3n, portabilidad de sus datos y la limitaci\u00f3n u oposici\u00f3n mediante escrito en la direcci\u00f3n del responsable arriba referenciada, dirigida al Departamento Jur\u00eddico.<br \/>\n<strong><a class=\"textosmini\" href=\"http:\/\/www.cepymearagon.es\/?page_id=164\" target=\"_blank\" rel=\"noopener noreferrer\"><em>M\u00e1s informaci\u00f3n.<\/em><\/a><\/strong><\/p>\n","protected":false},"excerpt":{"rendered":"<p>Va a acceder al curso \u201cIgualdad Laboral en la empresa. Conceptos b\u00e1sicos y planes de igualdad\u201d&nbsp;financiado por el Gobierno de Arag\u00f3n. El objetivo pedag\u00f3gico de este curso es dotar al alumnado de las herramientas necesarias para conocer la metodolog\u00eda a seguir en la elaboraci\u00f3n de un plan de igualdad, as\u00ed como realizar una aproximaci\u00f3n a [&hellip;]<\/p>\n","protected":false},"author":1,"featured_media":0,"parent":0,"menu_order":0,"comment_status":"closed","ping_status":"closed","template":"","meta":{"footnotes":""},"class_list":["post-620","page","type-page","status-publish","hentry"],"jetpack_sharing_enabled":true,"jetpack_shortlink":"https:\/\/wp.me\/P7ISwz-a0","post_mailing_queue_ids":[],"_links":{"self":[{"href":"https:\/\/igualdad.cepymearagon.es\/index.php?rest_route=\/wp\/v2\/pages\/620","targetHints":{"allow":["GET"]}}],"collection":[{"href":"https:\/\/igualdad.cepymearagon.es\/index.php?rest_route=\/wp\/v2\/pages"}],"about":[{"href":"https:\/\/igualdad.cepymearagon.es\/index.php?rest_route=\/wp\/v2\/types\/page"}],"author":[{"embeddable":true,"href":"https:\/\/igualdad.cepymearagon.es\/index.php?rest_route=\/wp\/v2\/users\/1"}],"replies":[{"embeddable":true,"href":"https:\/\/igualdad.cepymearagon.es\/index.php?rest_route=%2Fwp%2Fv2%2Fcomments&post=620"}],"version-history":[{"count":79,"href":"https:\/\/igualdad.cepymearagon.es\/index.php?rest_route=\/wp\/v2\/pages\/620\/revisions"}],"predecessor-version":[{"id":793,"href":"https:\/\/igualdad.cepymearagon.es\/index.php?rest_route=\/wp\/v2\/pages\/620\/revisions\/793"}],"wp:attachment":[{"href":"https:\/\/igualdad.cepymearagon.es\/index.php?rest_route=%2Fwp%2Fv2%2Fmedia&parent=620"}],"curies":[{"name":"wp","href":"https:\/\/api.w.org\/{rel}","templated":true}]}}